{"id":137220,"date":"2023-10-04T14:21:53","date_gmt":"2023-10-04T11:21:53","guid":{"rendered":"https:\/\/kingarms.ee\/product\/saciet-pistoli-pt23-retay\/"},"modified":"2025-08-03T15:48:34","modified_gmt":"2025-08-03T12:48:34","slug":"start-pustol-pt23retay","status":"publish","type":"product","link":"https:\/\/kingarms.ee\/lv\/product\/start-pustol-pt23retay\/","title":{"rendered":"S\u0101ciet pistoli PT23 (retay)"},"content":{"rendered":"<p><img loading=\"lazy\" decoding=\"async\" class=\"alignnone size-medium wp-image-81371\" src=\"https:\/\/kingarms.ee\/wp-content\/uploads\/2023\/10\/e74e2424-95a5-11ed-b776-00155d8ed203_a1b22e6b-1b25-11ee-b77c-00155d9a7102-2-300x300.png\" alt=\"\" width=\"300\" height=\"300\" srcset=\"https:\/\/kingarms.ee\/wp-content\/uploads\/2023\/10\/e74e2424-95a5-11ed-b776-00155d8ed203_a1b22e6b-1b25-11ee-b77c-00155d9a7102-2-300x300.png 300w, https:\/\/kingarms.ee\/wp-content\/uploads\/2023\/10\/e74e2424-95a5-11ed-b776-00155d8ed203_a1b22e6b-1b25-11ee-b77c-00155d9a7102-2-1021x1024.png 1021w, https:\/\/kingarms.ee\/wp-content\/uploads\/2023\/10\/e74e2424-95a5-11ed-b776-00155d8ed203_a1b22e6b-1b25-11ee-b77c-00155d9a7102-2-150x150.png 150w, https:\/\/kingarms.ee\/wp-content\/uploads\/2023\/10\/e74e2424-95a5-11ed-b776-00155d8ed203_a1b22e6b-1b25-11ee-b77c-00155d9a7102-2-768x770.png 768w, https:\/\/kingarms.ee\/wp-content\/uploads\/2023\/10\/e74e2424-95a5-11ed-b776-00155d8ed203_a1b22e6b-1b25-11ee-b77c-00155d9a7102-2-500x501.png 500w, https:\/\/kingarms.ee\/wp-content\/uploads\/2023\/10\/e74e2424-95a5-11ed-b776-00155d8ed203_a1b22e6b-1b25-11ee-b77c-00155d9a7102-2.png 1045w\" sizes=\"auto, (max-width: 300px) 100vw, 300px\" \/><\/p>\n","protected":false},"excerpt":{"rendered":"<p>S\u0101ciet pistoli PT23 (retay)<\/p>\n<p>Kalibrs 9mm p.a.k<br \/>\n\u017durn\u0101la s\u0113jums 14+1<br \/>\nDro\u0161\u012bbas dro\u0161\u012bba<br \/>\nGarums 180 mm<br \/>\nAugstums 136 mm<br \/>\nSvars 870 gr<br \/>\nPusautom\u0101tisk\u0101s sist\u0113mas sist\u0113ma<\/p>\n","protected":false},"featured_media":152711,"template":"","meta":{"_acf_changed":false},"product_brand":[],"product_cat":[1010],"product_tag":[],"class_list":{"0":"post-137220","1":"product","2":"type-product","3":"status-publish","4":"has-post-thumbnail","6":"product_cat-starta-pistoles","8":"first","9":"instock","10":"taxable","11":"shipping-taxable","12":"purchasable","13":"product-type-simple"},"acf":[],"_links":{"self":[{"href":"https:\/\/kingarms.ee\/lv\/wp-json\/wp\/v2\/product\/137220","targetHints":{"allow":["GET"]}}],"collection":[{"href":"https:\/\/kingarms.ee\/lv\/wp-json\/wp\/v2\/product"}],"about":[{"href":"https:\/\/kingarms.ee\/lv\/wp-json\/wp\/v2\/types\/product"}],"wp:featuredmedia":[{"embeddable":true,"href":"https:\/\/kingarms.ee\/lv\/wp-json\/wp\/v2\/media\/152711"}],"wp:attachment":[{"href":"https:\/\/kingarms.ee\/lv\/wp-json\/wp\/v2\/media?parent=137220"}],"wp:term":[{"taxonomy":"product_brand","embeddable":true,"href":"https:\/\/kingarms.ee\/lv\/wp-json\/wp\/v2\/product_brand?post=137220"},{"taxonomy":"product_cat","embeddable":true,"href":"https:\/\/kingarms.ee\/lv\/wp-json\/wp\/v2\/product_cat?post=137220"},{"taxonomy":"product_tag","embeddable":true,"href":"https:\/\/kingarms.ee\/lv\/wp-json\/wp\/v2\/product_tag?post=137220"}],"curies":[{"name":"wp","href":"https:\/\/api.w.org\/{rel}","templated":true}]}}