{"id":137225,"date":"2023-10-10T18:13:22","date_gmt":"2023-10-10T15:13:22","guid":{"rendered":"https:\/\/kingarms.ee\/product\/pavasara-ierocis-mr-799-labi\/"},"modified":"2025-08-03T15:30:37","modified_gmt":"2025-08-03T12:30:37","slug":"pavasara-ierocis-mr-799-labi","status":"publish","type":"product","link":"https:\/\/kingarms.ee\/lv\/product\/pavasara-ierocis-mr-799-labi\/","title":{"rendered":"Pavasara ierocis MR-799 (labi)"},"content":{"rendered":"<p><img loading=\"lazy\" decoding=\"async\" class=\"alignnone size-medium wp-image-81823\" src=\"https:\/\/kingarms.ee\/wp-content\/uploads\/2023\/10\/1152194932_1-300x200.webp\" alt=\"\" width=\"300\" height=\"200\" srcset=\"https:\/\/kingarms.ee\/wp-content\/uploads\/2023\/10\/1152194932_1-300x200.webp 300w, https:\/\/kingarms.ee\/wp-content\/uploads\/2023\/10\/1152194932_1-768x512.webp 768w, https:\/\/kingarms.ee\/wp-content\/uploads\/2023\/10\/1152194932_1-500x333.webp 500w, https:\/\/kingarms.ee\/wp-content\/uploads\/2023\/10\/1152194932_1-150x100.webp 150w, https:\/\/kingarms.ee\/wp-content\/uploads\/2023\/10\/1152194932_1.webp 800w\" sizes=\"auto, (max-width: 300px) 100vw, 300px\" \/><\/p>\n","protected":false},"excerpt":{"rendered":"<p>Pavasara ierocis MR-799 (labi) MR799 \u0161autenes \u0161autenes kopija MR799 Aizskaro\u0161as pistoles \u0161autenes kopija ir izgatavota no \u013coti iztur\u012bga abs. Kopiju raksturo laba apstr\u0101de un uzman\u012bba deta\u013c\u0101m, piem\u0113ram, regul\u0113jams transporta roktura m\u0113r\u0137is. Standarta kopija ir CASV konvert\u0101cijas kopija, nevis M4 priek\u0161\u0113j\u0101 roktura viet\u0101. Rezult\u0101t\u0101 m\u0113s ieg\u016bstam iesp\u0113ju instal\u0113t piez\u012bmes, lai izveidotu piederumus &#8211; sarkanu plankumu, taktisku rokturi un ac\u012bmredzamu ANPEQ. \u0112rts taktiskais rokturis un saliekamais k\u0101ts uzlabo ergonomiku un nodro\u0161ina dro\u0161u un stabilu \u0161au\u0161anas st\u0101vokli. Komplekt\u0101 ietilpst: &#8211; kopija<br \/>\n&#8211; Ziede<br \/>\n&#8211; siksna<br \/>\n&#8211; Kolimatora p\u016b\u0137is<br \/>\n&#8211; an-peq m\u0113r\u0137a kopija<br \/>\n&#8211; Taktiskais rokturis<br \/>\n&#8211; Baterijas<\/p>\n","protected":false},"featured_media":130200,"template":"","meta":{"_acf_changed":false},"product_brand":[],"product_cat":[1001],"product_tag":[],"class_list":{"0":"post-137225","1":"product","2":"type-product","3":"status-publish","4":"has-post-thumbnail","6":"product_cat-tirdzniecibas-automati","8":"first","9":"outofstock","10":"taxable","11":"shipping-taxable","12":"purchasable","13":"product-type-simple"},"acf":[],"_links":{"self":[{"href":"https:\/\/kingarms.ee\/lv\/wp-json\/wp\/v2\/product\/137225","targetHints":{"allow":["GET"]}}],"collection":[{"href":"https:\/\/kingarms.ee\/lv\/wp-json\/wp\/v2\/product"}],"about":[{"href":"https:\/\/kingarms.ee\/lv\/wp-json\/wp\/v2\/types\/product"}],"wp:featuredmedia":[{"embeddable":true,"href":"https:\/\/kingarms.ee\/lv\/wp-json\/wp\/v2\/media\/130200"}],"wp:attachment":[{"href":"https:\/\/kingarms.ee\/lv\/wp-json\/wp\/v2\/media?parent=137225"}],"wp:term":[{"taxonomy":"product_brand","embeddable":true,"href":"https:\/\/kingarms.ee\/lv\/wp-json\/wp\/v2\/product_brand?post=137225"},{"taxonomy":"product_cat","embeddable":true,"href":"https:\/\/kingarms.ee\/lv\/wp-json\/wp\/v2\/product_cat?post=137225"},{"taxonomy":"product_tag","embeddable":true,"href":"https:\/\/kingarms.ee\/lv\/wp-json\/wp\/v2\/product_tag?post=137225"}],"curies":[{"name":"wp","href":"https:\/\/api.w.org\/{rel}","templated":true}]}}