{"id":137230,"date":"2023-10-04T11:44:04","date_gmt":"2024-11-09T13:00:37","guid":{"rendered":"https:\/\/kingarms.ee\/product\/aim-o-flip-dot\/"},"modified":"2025-08-03T15:56:52","modified_gmt":"2025-08-03T12:56:52","slug":"aim-o-flip-dot","status":"publish","type":"product","link":"https:\/\/kingarms.ee\/lv\/product\/aim-o-flip-dot\/","title":{"rendered":"AIM-O flip dot"},"content":{"rendered":"<p><img loading=\"lazy\" decoding=\"async\" class=\"alignnone size-medium wp-image-81254\" src=\"https:\/\/kingarms.ee\/wp-content\/uploads\/2023\/10\/aim-o-flip-dot-reflex-sight-black-ao6008-b-300x300.jpg\" alt=\"\" width=\"300\" height=\"300\" srcset=\"https:\/\/kingarms.ee\/wp-content\/uploads\/2023\/10\/aim-o-flip-dot-reflex-sight-black-ao6008-b-300x300.jpg 300w, https:\/\/kingarms.ee\/wp-content\/uploads\/2023\/10\/aim-o-flip-dot-reflex-sight-black-ao6008-b-150x150.jpg 150w, https:\/\/kingarms.ee\/wp-content\/uploads\/2023\/10\/aim-o-flip-dot-reflex-sight-black-ao6008-b-768x768.jpg 768w, https:\/\/kingarms.ee\/wp-content\/uploads\/2023\/10\/aim-o-flip-dot-reflex-sight-black-ao6008-b-500x500.jpg 500w, https:\/\/kingarms.ee\/wp-content\/uploads\/2023\/10\/aim-o-flip-dot-reflex-sight-black-ao6008-b.jpg 1000w\" sizes=\"auto, (max-width: 300px) 100vw, 300px\" \/><\/p>\n","protected":false},"excerpt":{"rendered":"<p>AIM-O flip dot<\/p>\n<p>Ievelkams sarkanais punkts<br \/>\nObjekt\u012bvu var izstumt k\u0101 parasto m\u0113r\u0137i<br \/>\nSpilgtums<br \/>\nPilns met\u0101la korpuss (alum\u012bnijs)<br \/>\nPiel\u0101gojot v\u0113ju un augstumu<br \/>\nUzst\u0101d\u012b\u0161anas standarta picatinny sliede<br \/>\nPavad\u012bt aizsarg\u0101jo\u0161u cepuri<br \/>\nIzm\u0113ri 55 mm 32 mm 43 mm (28 mm saloc\u012bts objekt\u012bvs)<br \/>\nSvars 60g<br \/>\nPower 1X CR2032 akumulators (nav iek\u013cauts)<br \/>\nMelns<\/p>\n","protected":false},"featured_media":129929,"template":"","meta":{"_acf_changed":false},"product_brand":[],"product_cat":[1067],"product_tag":[],"class_list":{"0":"post-137230","1":"product","2":"type-product","3":"status-publish","4":"has-post-thumbnail","6":"product_cat-skats","8":"first","9":"instock","10":"taxable","11":"shipping-taxable","12":"purchasable","13":"product-type-simple"},"acf":[],"_links":{"self":[{"href":"https:\/\/kingarms.ee\/lv\/wp-json\/wp\/v2\/product\/137230","targetHints":{"allow":["GET"]}}],"collection":[{"href":"https:\/\/kingarms.ee\/lv\/wp-json\/wp\/v2\/product"}],"about":[{"href":"https:\/\/kingarms.ee\/lv\/wp-json\/wp\/v2\/types\/product"}],"wp:featuredmedia":[{"embeddable":true,"href":"https:\/\/kingarms.ee\/lv\/wp-json\/wp\/v2\/media\/129929"}],"wp:attachment":[{"href":"https:\/\/kingarms.ee\/lv\/wp-json\/wp\/v2\/media?parent=137230"}],"wp:term":[{"taxonomy":"product_brand","embeddable":true,"href":"https:\/\/kingarms.ee\/lv\/wp-json\/wp\/v2\/product_brand?post=137230"},{"taxonomy":"product_cat","embeddable":true,"href":"https:\/\/kingarms.ee\/lv\/wp-json\/wp\/v2\/product_cat?post=137230"},{"taxonomy":"product_tag","embeddable":true,"href":"https:\/\/kingarms.ee\/lv\/wp-json\/wp\/v2\/product_tag?post=137230"}],"curies":[{"name":"wp","href":"https:\/\/api.w.org\/{rel}","templated":true}]}}