{"id":137234,"date":"2023-09-23T14:47:54","date_gmt":"2023-09-23T11:47:54","guid":{"rendered":"https:\/\/kingarms.ee\/product\/militara-noslepuma-kaste-m-izmers\/"},"modified":"2025-08-03T16:00:22","modified_gmt":"2025-08-03T13:00:22","slug":"militara-mystery-box-m-size","status":"publish","type":"product","link":"https:\/\/kingarms.ee\/lv\/product\/militara-mystery-box-m-size\/","title":{"rendered":"Milit\u0101r\u0101 nosl\u0113puma kaste M izm\u0113rs"},"content":{"rendered":"<p><img loading=\"lazy\" decoding=\"async\" class=\"alignnone size-full wp-image-80983\" src=\"https:\/\/kingarms.ee\/wp-content\/uploads\/2023\/09\/image_9f3e39ef-0e6d-4cf6-acb8-cf88f64c1ed4_1080x.jpg\" alt=\"\" width=\"1080\" height=\"1404\" srcset=\"https:\/\/kingarms.ee\/wp-content\/uploads\/2023\/09\/image_9f3e39ef-0e6d-4cf6-acb8-cf88f64c1ed4_1080x.jpg 1080w, https:\/\/kingarms.ee\/wp-content\/uploads\/2023\/09\/image_9f3e39ef-0e6d-4cf6-acb8-cf88f64c1ed4_1080x-231x300.jpg 231w, https:\/\/kingarms.ee\/wp-content\/uploads\/2023\/09\/image_9f3e39ef-0e6d-4cf6-acb8-cf88f64c1ed4_1080x-788x1024.jpg 788w, https:\/\/kingarms.ee\/wp-content\/uploads\/2023\/09\/image_9f3e39ef-0e6d-4cf6-acb8-cf88f64c1ed4_1080x-768x998.jpg 768w, https:\/\/kingarms.ee\/wp-content\/uploads\/2023\/09\/image_9f3e39ef-0e6d-4cf6-acb8-cf88f64c1ed4_1080x-500x650.jpg 500w, https:\/\/kingarms.ee\/wp-content\/uploads\/2023\/09\/image_9f3e39ef-0e6d-4cf6-acb8-cf88f64c1ed4_1080x-150x195.jpg 150w\" sizes=\"auto, (max-width: 1080px) 100vw, 1080px\" \/><\/p>\n","protected":false},"excerpt":{"rendered":"<p>Pievienojiet milit\u0101ro nosl\u0113pumu kasti, un j\u016bs varat ieg\u016bt tikai 49,99eur v\u0113rtus produktus, kuru v\u0113rt\u012bba ir 59,99 &#8211; 99,99eur<\/p>\n<p>Veiksmi jums \ud83d\ude42<\/p>\n","protected":false},"featured_media":129913,"template":"","meta":{"_acf_changed":false},"product_brand":[],"product_cat":[995],"product_tag":[],"class_list":{"0":"post-137234","1":"product","2":"type-product","3":"status-publish","4":"has-post-thumbnail","6":"product_cat-piedavat","8":"first","9":"instock","10":"sale","11":"taxable","12":"shipping-taxable","13":"purchasable","14":"product-type-simple"},"acf":[],"_links":{"self":[{"href":"https:\/\/kingarms.ee\/lv\/wp-json\/wp\/v2\/product\/137234","targetHints":{"allow":["GET"]}}],"collection":[{"href":"https:\/\/kingarms.ee\/lv\/wp-json\/wp\/v2\/product"}],"about":[{"href":"https:\/\/kingarms.ee\/lv\/wp-json\/wp\/v2\/types\/product"}],"wp:featuredmedia":[{"embeddable":true,"href":"https:\/\/kingarms.ee\/lv\/wp-json\/wp\/v2\/media\/129913"}],"wp:attachment":[{"href":"https:\/\/kingarms.ee\/lv\/wp-json\/wp\/v2\/media?parent=137234"}],"wp:term":[{"taxonomy":"product_brand","embeddable":true,"href":"https:\/\/kingarms.ee\/lv\/wp-json\/wp\/v2\/product_brand?post=137234"},{"taxonomy":"product_cat","embeddable":true,"href":"https:\/\/kingarms.ee\/lv\/wp-json\/wp\/v2\/product_cat?post=137234"},{"taxonomy":"product_tag","embeddable":true,"href":"https:\/\/kingarms.ee\/lv\/wp-json\/wp\/v2\/product_tag?post=137234"}],"curies":[{"name":"wp","href":"https:\/\/api.w.org\/{rel}","templated":true}]}}