{"id":137237,"date":"2023-09-20T14:46:49","date_gmt":"2024-11-09T13:15:10","guid":{"rendered":"https:\/\/kingarms.ee\/product\/m4-cqb-ares\/"},"modified":"2025-08-03T16:03:05","modified_gmt":"2025-08-03T13:03:05","slug":"m4-cqbares","status":"publish","type":"product","link":"https:\/\/kingarms.ee\/lv\/product\/m4-cqbares\/","title":{"rendered":"M4 CQB (ARES)"},"content":{"rendered":"<p><img loading=\"lazy\" decoding=\"async\" class=\"alignnone size-medium wp-image-80779\" src=\"https:\/\/kingarms.ee\/wp-content\/uploads\/2023\/09\/ares-electric-rifle-m4-cqb-black-ar-044-300x300.jpg\" alt=\"\" width=\"300\" height=\"300\" srcset=\"https:\/\/kingarms.ee\/wp-content\/uploads\/2023\/09\/ares-electric-rifle-m4-cqb-black-ar-044-300x300.jpg 300w, https:\/\/kingarms.ee\/wp-content\/uploads\/2023\/09\/ares-electric-rifle-m4-cqb-black-ar-044-150x150.jpg 150w, https:\/\/kingarms.ee\/wp-content\/uploads\/2023\/09\/ares-electric-rifle-m4-cqb-black-ar-044-768x768.jpg 768w, https:\/\/kingarms.ee\/wp-content\/uploads\/2023\/09\/ares-electric-rifle-m4-cqb-black-ar-044-500x500.jpg 500w, https:\/\/kingarms.ee\/wp-content\/uploads\/2023\/09\/ares-electric-rifle-m4-cqb-black-ar-044.jpg 1000w\" sizes=\"auto, (max-width: 300px) 100vw, 300px\" \/><\/p>\n","protected":false},"excerpt":{"rendered":"<p>M4 CQB (ARES)<\/p>\n<p>Elektriskais pistole M4 CQB melna<br \/>\nMet\u0101la korpuss<br \/>\nSalv hi-cap 300 k\u0101rtas<br \/>\nVertik\u0101ls rokturis<br \/>\nRetrospekt\u012bvs<br \/>\nRegul\u0113jams skapis<br \/>\n\u0160au\u0161anas re\u017e\u012bms: dro\u0161s, pusautom\u0101tisks<br \/>\nGarums 710mm &#8211; 790mm<br \/>\nSvars 3100g<br \/>\nAkumulators un akumulatora l\u0101d\u0113t\u0101js nav iek\u013cauti<\/p>\n<p>Pieejam\u012bba: Kingarms P\u00e4rnu<\/p>\n","protected":false},"featured_media":129836,"template":"","meta":{"_acf_changed":false},"product_brand":[],"product_cat":[1001],"product_tag":[],"class_list":{"0":"post-137237","1":"product","2":"type-product","3":"status-publish","4":"has-post-thumbnail","6":"product_cat-tirdzniecibas-automati","8":"first","9":"instock","10":"sale","11":"taxable","12":"shipping-taxable","13":"purchasable","14":"product-type-simple"},"acf":[],"_links":{"self":[{"href":"https:\/\/kingarms.ee\/lv\/wp-json\/wp\/v2\/product\/137237","targetHints":{"allow":["GET"]}}],"collection":[{"href":"https:\/\/kingarms.ee\/lv\/wp-json\/wp\/v2\/product"}],"about":[{"href":"https:\/\/kingarms.ee\/lv\/wp-json\/wp\/v2\/types\/product"}],"wp:featuredmedia":[{"embeddable":true,"href":"https:\/\/kingarms.ee\/lv\/wp-json\/wp\/v2\/media\/129836"}],"wp:attachment":[{"href":"https:\/\/kingarms.ee\/lv\/wp-json\/wp\/v2\/media?parent=137237"}],"wp:term":[{"taxonomy":"product_brand","embeddable":true,"href":"https:\/\/kingarms.ee\/lv\/wp-json\/wp\/v2\/product_brand?post=137237"},{"taxonomy":"product_cat","embeddable":true,"href":"https:\/\/kingarms.ee\/lv\/wp-json\/wp\/v2\/product_cat?post=137237"},{"taxonomy":"product_tag","embeddable":true,"href":"https:\/\/kingarms.ee\/lv\/wp-json\/wp\/v2\/product_tag?post=137237"}],"curies":[{"name":"wp","href":"https:\/\/api.w.org\/{rel}","templated":true}]}}