{"id":137240,"date":"2023-09-16T10:34:15","date_gmt":"2023-09-16T07:34:15","guid":{"rendered":"https:\/\/kingarms.ee\/product\/saciet-pistoles-retay-eagle-x-9mm\/"},"modified":"2025-08-03T16:03:58","modified_gmt":"2025-08-03T13:03:58","slug":"start-pustol-reday-egag-x-9mm","status":"publish","type":"product","link":"https:\/\/kingarms.ee\/lv\/product\/start-pustol-reday-egag-x-9mm\/","title":{"rendered":"S\u0101ciet pistoles retay Eagle x 9mm"},"content":{"rendered":"<p><img loading=\"lazy\" decoding=\"async\" class=\"alignnone size-full wp-image-80752\" src=\"https:\/\/kingarms.ee\/wp-content\/uploads\/2023\/09\/9b989c05-ad92-11eb-8fa3-00155dd95b07_9b989c06-ad92-11eb-8fa3-00155dd95b07.webp\" alt=\"\" width=\"1500\" height=\"1500\" srcset=\"https:\/\/kingarms.ee\/wp-content\/uploads\/2023\/09\/9b989c05-ad92-11eb-8fa3-00155dd95b07_9b989c06-ad92-11eb-8fa3-00155dd95b07.webp 1500w, https:\/\/kingarms.ee\/wp-content\/uploads\/2023\/09\/9b989c05-ad92-11eb-8fa3-00155dd95b07_9b989c06-ad92-11eb-8fa3-00155dd95b07-300x300.webp 300w, https:\/\/kingarms.ee\/wp-content\/uploads\/2023\/09\/9b989c05-ad92-11eb-8fa3-00155dd95b07_9b989c06-ad92-11eb-8fa3-00155dd95b07-1024x1024.webp 1024w, https:\/\/kingarms.ee\/wp-content\/uploads\/2023\/09\/9b989c05-ad92-11eb-8fa3-00155dd95b07_9b989c06-ad92-11eb-8fa3-00155dd95b07-150x150.webp 150w, https:\/\/kingarms.ee\/wp-content\/uploads\/2023\/09\/9b989c05-ad92-11eb-8fa3-00155dd95b07_9b989c06-ad92-11eb-8fa3-00155dd95b07-768x768.webp 768w, https:\/\/kingarms.ee\/wp-content\/uploads\/2023\/09\/9b989c05-ad92-11eb-8fa3-00155dd95b07_9b989c06-ad92-11eb-8fa3-00155dd95b07-500x500.webp 500w\" sizes=\"auto, (max-width: 1500px) 100vw, 1500px\" \/><\/p>\n","protected":false},"excerpt":{"rendered":"<p>S\u0101ciet pistoles retay Eagle x 9mm<\/p>\n<p>Pistole ar met\u0101la korpusu un Cerakote noteikti ir sp\u0113c\u012bga, uzticama un iztur\u012bga.<\/p>\n<p>Kalibrs 9mm p.a.k<br \/>\nIetaupiet s\u0113jumu 17+1<br \/>\nBise no bises<br \/>\nSpr\u016bda: viena darb\u012bba<\/p>\n","protected":false},"featured_media":152627,"template":"","meta":{"_acf_changed":false},"product_brand":[],"product_cat":[1010],"product_tag":[],"class_list":{"0":"post-137240","1":"product","2":"type-product","3":"status-publish","4":"has-post-thumbnail","6":"product_cat-starta-pistoles","8":"first","9":"instock","10":"sale","11":"taxable","12":"shipping-taxable","13":"purchasable","14":"product-type-simple"},"acf":[],"_links":{"self":[{"href":"https:\/\/kingarms.ee\/lv\/wp-json\/wp\/v2\/product\/137240","targetHints":{"allow":["GET"]}}],"collection":[{"href":"https:\/\/kingarms.ee\/lv\/wp-json\/wp\/v2\/product"}],"about":[{"href":"https:\/\/kingarms.ee\/lv\/wp-json\/wp\/v2\/types\/product"}],"wp:featuredmedia":[{"embeddable":true,"href":"https:\/\/kingarms.ee\/lv\/wp-json\/wp\/v2\/media\/152627"}],"wp:attachment":[{"href":"https:\/\/kingarms.ee\/lv\/wp-json\/wp\/v2\/media?parent=137240"}],"wp:term":[{"taxonomy":"product_brand","embeddable":true,"href":"https:\/\/kingarms.ee\/lv\/wp-json\/wp\/v2\/product_brand?post=137240"},{"taxonomy":"product_cat","embeddable":true,"href":"https:\/\/kingarms.ee\/lv\/wp-json\/wp\/v2\/product_cat?post=137240"},{"taxonomy":"product_tag","embeddable":true,"href":"https:\/\/kingarms.ee\/lv\/wp-json\/wp\/v2\/product_tag?post=137240"}],"curies":[{"name":"wp","href":"https:\/\/api.w.org\/{rel}","templated":true}]}}