{"id":137246,"date":"2023-09-15T18:50:45","date_gmt":"2023-09-15T15:50:45","guid":{"rendered":"https:\/\/kingarms.ee\/product\/saciet-pistoles-triecienu-c75-fume-wooden-9mm\/"},"modified":"2025-08-03T16:08:10","modified_gmt":"2025-08-03T13:08:10","slug":"start-pustol-bloow-c75-fume-woode-9mm","status":"publish","type":"product","link":"https:\/\/kingarms.ee\/lv\/product\/start-pustol-bloow-c75-fume-woode-9mm\/","title":{"rendered":"S\u0101ciet pistoles triecienu C75 Fume Wooden 9mm"},"content":{"rendered":"<p><img loading=\"lazy\" decoding=\"async\" class=\"alignnone size-medium wp-image-80665\" src=\"https:\/\/kingarms.ee\/wp-content\/uploads\/2023\/09\/fume-300x300.webp\" alt=\"\" width=\"300\" height=\"300\" srcset=\"https:\/\/kingarms.ee\/wp-content\/uploads\/2023\/09\/fume-300x300.webp 300w, https:\/\/kingarms.ee\/wp-content\/uploads\/2023\/09\/fume-150x150.webp 150w, https:\/\/kingarms.ee\/wp-content\/uploads\/2023\/09\/fume.webp 450w\" sizes=\"auto, (max-width: 300px) 100vw, 300px\" \/><\/p>\n","protected":false},"excerpt":{"rendered":"<p>S\u0101kuma pistoles trieciens C75 Fume Wooden 9mm ir da\u013c\u0113ji -autom\u0101tiska pistole. Blow C75 startera korpuss ir izgatavots no polim\u0113ra. \u0160im 9 mm kalibra pistolei ir 17+1 lode ar ietilp\u012bbu<\/p>\n","protected":false},"featured_media":152537,"template":"","meta":{"_acf_changed":false},"product_brand":[],"product_cat":[1010],"product_tag":[],"class_list":{"0":"post-137246","1":"product","2":"type-product","3":"status-publish","4":"has-post-thumbnail","6":"product_cat-starta-pistoles","8":"first","9":"instock","10":"taxable","11":"shipping-taxable","12":"purchasable","13":"product-type-simple"},"acf":[],"_links":{"self":[{"href":"https:\/\/kingarms.ee\/lv\/wp-json\/wp\/v2\/product\/137246","targetHints":{"allow":["GET"]}}],"collection":[{"href":"https:\/\/kingarms.ee\/lv\/wp-json\/wp\/v2\/product"}],"about":[{"href":"https:\/\/kingarms.ee\/lv\/wp-json\/wp\/v2\/types\/product"}],"wp:featuredmedia":[{"embeddable":true,"href":"https:\/\/kingarms.ee\/lv\/wp-json\/wp\/v2\/media\/152537"}],"wp:attachment":[{"href":"https:\/\/kingarms.ee\/lv\/wp-json\/wp\/v2\/media?parent=137246"}],"wp:term":[{"taxonomy":"product_brand","embeddable":true,"href":"https:\/\/kingarms.ee\/lv\/wp-json\/wp\/v2\/product_brand?post=137246"},{"taxonomy":"product_cat","embeddable":true,"href":"https:\/\/kingarms.ee\/lv\/wp-json\/wp\/v2\/product_cat?post=137246"},{"taxonomy":"product_tag","embeddable":true,"href":"https:\/\/kingarms.ee\/lv\/wp-json\/wp\/v2\/product_tag?post=137246"}],"curies":[{"name":"wp","href":"https:\/\/api.w.org\/{rel}","templated":true}]}}