{"id":137252,"date":"2023-08-17T13:16:07","date_gmt":"2024-11-09T13:51:10","guid":{"rendered":"https:\/\/kingarms.ee\/product\/s1-uzbruceja-areja-mucas-adapteris\/"},"modified":"2025-08-03T16:16:34","modified_gmt":"2025-08-03T13:16:34","slug":"s1-streiki","status":"publish","type":"product","link":"https:\/\/kingarms.ee\/lv\/product\/s1-streiki\/","title":{"rendered":"S1 uzbruc\u0113ja \u0101r\u0113j\u0101 mucas adapteris"},"content":{"rendered":"<p><img loading=\"lazy\" decoding=\"async\" class=\"alignnone size-full wp-image-80294\" src=\"https:\/\/kingarms.ee\/wp-content\/uploads\/2023\/08\/Flashhider-Adapter-for-S1-Striker-Outer-Barrel-Black-Amoeba-az25066large1.png\" alt=\"\" width=\"1400\" height=\"980\" srcset=\"https:\/\/kingarms.ee\/wp-content\/uploads\/2023\/08\/Flashhider-Adapter-for-S1-Striker-Outer-Barrel-Black-Amoeba-az25066large1.png 1400w, https:\/\/kingarms.ee\/wp-content\/uploads\/2023\/08\/Flashhider-Adapter-for-S1-Striker-Outer-Barrel-Black-Amoeba-az25066large1-300x210.png 300w, https:\/\/kingarms.ee\/wp-content\/uploads\/2023\/08\/Flashhider-Adapter-for-S1-Striker-Outer-Barrel-Black-Amoeba-az25066large1-1024x717.png 1024w, https:\/\/kingarms.ee\/wp-content\/uploads\/2023\/08\/Flashhider-Adapter-for-S1-Striker-Outer-Barrel-Black-Amoeba-az25066large1-768x538.png 768w, https:\/\/kingarms.ee\/wp-content\/uploads\/2023\/08\/Flashhider-Adapter-for-S1-Striker-Outer-Barrel-Black-Amoeba-az25066large1-500x350.png 500w, https:\/\/kingarms.ee\/wp-content\/uploads\/2023\/08\/Flashhider-Adapter-for-S1-Striker-Outer-Barrel-Black-Amoeba-az25066large1-150x105.png 150w\" sizes=\"auto, (max-width: 1400px) 100vw, 1400px\" \/><\/p>\n","protected":false},"excerpt":{"rendered":"<p>S1 uzbruc\u0113ja \u0101r\u0113j\u0101 mucas adapteris<\/p>\n<p>\u0160o adapteri var saska\u0146ot ar +14 mm ugunsdz\u0113s\u0113ju, lai tas atbilstu j\u016bsu Amoeba uzbruc\u0113jam ar \u0161auteni<\/p>\n","protected":false},"featured_media":129713,"template":"","meta":{"_acf_changed":false},"product_brand":[],"product_cat":[1130,1107,1129],"product_tag":[],"class_list":{"0":"post-137252","1":"product","2":"type-product","3":"status-publish","4":"has-post-thumbnail","6":"product_cat-cits-lv","7":"product_cat-noregulesana","8":"product_cat-rezerves-dalas","10":"first","11":"instock","12":"taxable","13":"shipping-taxable","14":"purchasable","15":"product-type-simple"},"acf":[],"_links":{"self":[{"href":"https:\/\/kingarms.ee\/lv\/wp-json\/wp\/v2\/product\/137252","targetHints":{"allow":["GET"]}}],"collection":[{"href":"https:\/\/kingarms.ee\/lv\/wp-json\/wp\/v2\/product"}],"about":[{"href":"https:\/\/kingarms.ee\/lv\/wp-json\/wp\/v2\/types\/product"}],"wp:featuredmedia":[{"embeddable":true,"href":"https:\/\/kingarms.ee\/lv\/wp-json\/wp\/v2\/media\/129713"}],"wp:attachment":[{"href":"https:\/\/kingarms.ee\/lv\/wp-json\/wp\/v2\/media?parent=137252"}],"wp:term":[{"taxonomy":"product_brand","embeddable":true,"href":"https:\/\/kingarms.ee\/lv\/wp-json\/wp\/v2\/product_brand?post=137252"},{"taxonomy":"product_cat","embeddable":true,"href":"https:\/\/kingarms.ee\/lv\/wp-json\/wp\/v2\/product_cat?post=137252"},{"taxonomy":"product_tag","embeddable":true,"href":"https:\/\/kingarms.ee\/lv\/wp-json\/wp\/v2\/product_tag?post=137252"}],"curies":[{"name":"wp","href":"https:\/\/api.w.org\/{rel}","templated":true}]}}