{"id":137254,"date":"2023-08-17T11:45:27","date_gmt":"2024-11-09T13:53:15","guid":{"rendered":"https:\/\/kingarms.ee\/product\/kp-13-co2-kjw\/"},"modified":"2025-08-03T16:17:27","modified_gmt":"2025-08-03T13:17:27","slug":"kp13-co2kj-works","status":"publish","type":"product","link":"https:\/\/kingarms.ee\/lv\/product\/kp13-co2kj-works\/","title":{"rendered":"KP-13 CO2 (KJW)"},"content":{"rendered":"<p><img loading=\"lazy\" decoding=\"async\" class=\"alignnone size-full wp-image-80273\" src=\"https:\/\/kingarms.ee\/wp-content\/uploads\/2023\/08\/KP-13-Metal-Version-Co2-Black-KJ-Works-az26614large1.png\" alt=\"\" width=\"1400\" height=\"980\" srcset=\"https:\/\/kingarms.ee\/wp-content\/uploads\/2023\/08\/KP-13-Metal-Version-Co2-Black-KJ-Works-az26614large1.png 1400w, https:\/\/kingarms.ee\/wp-content\/uploads\/2023\/08\/KP-13-Metal-Version-Co2-Black-KJ-Works-az26614large1-300x210.png 300w, https:\/\/kingarms.ee\/wp-content\/uploads\/2023\/08\/KP-13-Metal-Version-Co2-Black-KJ-Works-az26614large1-1024x717.png 1024w, https:\/\/kingarms.ee\/wp-content\/uploads\/2023\/08\/KP-13-Metal-Version-Co2-Black-KJ-Works-az26614large1-768x538.png 768w, https:\/\/kingarms.ee\/wp-content\/uploads\/2023\/08\/KP-13-Metal-Version-Co2-Black-KJ-Works-az26614large1-500x350.png 500w, https:\/\/kingarms.ee\/wp-content\/uploads\/2023\/08\/KP-13-Metal-Version-Co2-Black-KJ-Works-az26614large1-150x105.png 150w\" sizes=\"auto, (max-width: 1400px) 100vw, 1400px\" \/><\/p>\n","protected":false},"excerpt":{"rendered":"<p>KP-13 CO2 (KJW)<\/p>\n<p>Hop-up: regul\u0113jams<br \/>\n\u0160au\u0161anas re\u017e\u012bms: da\u013c\u0113ji -autom\u0101tisks<br \/>\nPapl\u0101tes tilpums: 24 Rd<br \/>\nGarums: 201 mm<br \/>\nIek\u0161\u0113j\u0101s caurules garums: 95 mm<br \/>\nKalibrs: 6 mm<br \/>\nSvars: 720 g<\/p>\n","protected":false},"featured_media":129705,"template":"","meta":{"_acf_changed":false},"product_brand":[],"product_cat":[1000],"product_tag":[],"class_list":{"0":"post-137254","1":"product","2":"type-product","3":"status-publish","4":"has-post-thumbnail","6":"product_cat-rokas-pistoles","8":"first","9":"onbackorder","10":"taxable","11":"shipping-taxable","12":"product-type-simple"},"acf":[],"_links":{"self":[{"href":"https:\/\/kingarms.ee\/lv\/wp-json\/wp\/v2\/product\/137254","targetHints":{"allow":["GET"]}}],"collection":[{"href":"https:\/\/kingarms.ee\/lv\/wp-json\/wp\/v2\/product"}],"about":[{"href":"https:\/\/kingarms.ee\/lv\/wp-json\/wp\/v2\/types\/product"}],"wp:featuredmedia":[{"embeddable":true,"href":"https:\/\/kingarms.ee\/lv\/wp-json\/wp\/v2\/media\/129705"}],"wp:attachment":[{"href":"https:\/\/kingarms.ee\/lv\/wp-json\/wp\/v2\/media?parent=137254"}],"wp:term":[{"taxonomy":"product_brand","embeddable":true,"href":"https:\/\/kingarms.ee\/lv\/wp-json\/wp\/v2\/product_brand?post=137254"},{"taxonomy":"product_cat","embeddable":true,"href":"https:\/\/kingarms.ee\/lv\/wp-json\/wp\/v2\/product_cat?post=137254"},{"taxonomy":"product_tag","embeddable":true,"href":"https:\/\/kingarms.ee\/lv\/wp-json\/wp\/v2\/product_tag?post=137254"}],"curies":[{"name":"wp","href":"https:\/\/api.w.org\/{rel}","templated":true}]}}