{"id":137259,"date":"2023-07-02T15:25:55","date_gmt":"2023-07-02T12:25:55","guid":{"rendered":"https:\/\/kingarms.ee\/product\/achtung-extem-struklas-piparu-aerosols-40-ml\/"},"modified":"2024-11-09T17:28:05","modified_gmt":"2024-11-09T14:28:05","slug":"achtung-extrem-jet-pepper-40-ml","status":"publish","type":"product","link":"https:\/\/kingarms.ee\/lv\/product\/achtung-extrem-jet-pepper-40-ml\/","title":{"rendered":"Achtung extem str\u016bklas piparu aerosols 40 ml"},"content":{"rendered":"<p><img loading=\"lazy\" decoding=\"async\" class=\"alignnone size-full wp-image-79705\" src=\"https:\/\/kingarms.ee\/wp-content\/uploads\/2023\/07\/achtung-extrem-jet-pepper-gas-40-ml-stream-b9afa988bf90435d8147da2f937f746b-1abb80da.jpg\" alt=\"\" width=\"900\" height=\"900\" srcset=\"https:\/\/kingarms.ee\/wp-content\/uploads\/2023\/07\/achtung-extrem-jet-pepper-gas-40-ml-stream-b9afa988bf90435d8147da2f937f746b-1abb80da.jpg 900w, https:\/\/kingarms.ee\/wp-content\/uploads\/2023\/07\/achtung-extrem-jet-pepper-gas-40-ml-stream-b9afa988bf90435d8147da2f937f746b-1abb80da-300x300.jpg 300w, https:\/\/kingarms.ee\/wp-content\/uploads\/2023\/07\/achtung-extrem-jet-pepper-gas-40-ml-stream-b9afa988bf90435d8147da2f937f746b-1abb80da-150x150.jpg 150w, https:\/\/kingarms.ee\/wp-content\/uploads\/2023\/07\/achtung-extrem-jet-pepper-gas-40-ml-stream-b9afa988bf90435d8147da2f937f746b-1abb80da-768x768.jpg 768w, https:\/\/kingarms.ee\/wp-content\/uploads\/2023\/07\/achtung-extrem-jet-pepper-gas-40-ml-stream-b9afa988bf90435d8147da2f937f746b-1abb80da-500x500.jpg 500w\" sizes=\"auto, (max-width: 900px) 100vw, 900px\" \/><\/p>\n","protected":false},"excerpt":{"rendered":"<p>Achtung extem str\u016bklas piparu aerosols 40 ml Achtung extem str\u016bkla 15% oc piparu aerosols ir ar kabatas darbin\u0101mu 4 metru r\u0101diusu g\u0101zes metienu, kas ir efekt\u012bvs pret cilv\u0113kiem un dz\u012bvniekiem. Lieliska naudas v\u0113rt\u012bba!<\/p>\n","protected":false},"featured_media":131005,"template":"","meta":{"_acf_changed":false},"product_brand":[],"product_cat":[1111],"product_tag":[],"class_list":{"0":"post-137259","1":"product","2":"type-product","3":"status-publish","4":"has-post-thumbnail","6":"product_cat-piparu-aerosols","8":"first","9":"outofstock","10":"taxable","11":"shipping-taxable","12":"purchasable","13":"product-type-simple"},"acf":[],"_links":{"self":[{"href":"https:\/\/kingarms.ee\/lv\/wp-json\/wp\/v2\/product\/137259","targetHints":{"allow":["GET"]}}],"collection":[{"href":"https:\/\/kingarms.ee\/lv\/wp-json\/wp\/v2\/product"}],"about":[{"href":"https:\/\/kingarms.ee\/lv\/wp-json\/wp\/v2\/types\/product"}],"wp:featuredmedia":[{"embeddable":true,"href":"https:\/\/kingarms.ee\/lv\/wp-json\/wp\/v2\/media\/131005"}],"wp:attachment":[{"href":"https:\/\/kingarms.ee\/lv\/wp-json\/wp\/v2\/media?parent=137259"}],"wp:term":[{"taxonomy":"product_brand","embeddable":true,"href":"https:\/\/kingarms.ee\/lv\/wp-json\/wp\/v2\/product_brand?post=137259"},{"taxonomy":"product_cat","embeddable":true,"href":"https:\/\/kingarms.ee\/lv\/wp-json\/wp\/v2\/product_cat?post=137259"},{"taxonomy":"product_tag","embeddable":true,"href":"https:\/\/kingarms.ee\/lv\/wp-json\/wp\/v2\/product_tag?post=137259"}],"curies":[{"name":"wp","href":"https:\/\/api.w.org\/{rel}","templated":true}]}}