{"id":137263,"date":"2023-06-29T14:13:08","date_gmt":"2024-11-09T14:45:27","guid":{"rendered":"https:\/\/kingarms.ee\/product\/p1911-macs-sveices-ieroci\/"},"modified":"2024-11-09T17:45:27","modified_gmt":"2024-11-09T14:45:27","slug":"p1911-matchswiss-arms","status":"publish","type":"product","link":"https:\/\/kingarms.ee\/lv\/product\/p1911-matchswiss-arms\/","title":{"rendered":"P1911 ma\u010ds (\u0160veices iero\u010di)"},"content":{"rendered":"<p><img loading=\"lazy\" decoding=\"async\" class=\"alignnone size-medium wp-image-79554\" src=\"https:\/\/kingarms.ee\/wp-content\/uploads\/2023\/06\/ACP701-1-300x225.jpg\" alt=\"\" width=\"300\" height=\"225\" srcset=\"https:\/\/kingarms.ee\/wp-content\/uploads\/2023\/06\/ACP701-1-300x225.jpg 300w, https:\/\/kingarms.ee\/wp-content\/uploads\/2023\/06\/ACP701-1-768x576.jpg 768w, https:\/\/kingarms.ee\/wp-content\/uploads\/2023\/06\/ACP701-1-600x450.jpg 600w, https:\/\/kingarms.ee\/wp-content\/uploads\/2023\/06\/ACP701-1-500x375.jpg 500w, https:\/\/kingarms.ee\/wp-content\/uploads\/2023\/06\/ACP701-1-150x113.jpg 150w, https:\/\/kingarms.ee\/wp-content\/uploads\/2023\/06\/ACP701-1.jpg 800w\" sizes=\"auto, (max-width: 300px) 100vw, 300px\" \/><\/p>\n","protected":false},"excerpt":{"rendered":"<p>P1911 ma\u010ds (\u0160veices iero\u010di)<\/p>\n<p>Svars: 650 g<br \/>\nKalibrs: 4,5 mm<br \/>\nSp\u0113ki: 321 kadri sekund\u0113<br \/>\nMateri\u0101ls: plastmasa, met\u0101ls<\/p>\n","protected":false},"featured_media":129397,"template":"","meta":{"_acf_changed":false},"product_brand":[],"product_cat":[1005],"product_tag":[],"class_list":{"0":"post-137263","1":"product","2":"type-product","3":"status-publish","4":"has-post-thumbnail","6":"product_cat-rokas-pistoles-lv","8":"first","9":"instock","10":"taxable","11":"shipping-taxable","12":"purchasable","13":"product-type-simple"},"acf":[],"_links":{"self":[{"href":"https:\/\/kingarms.ee\/lv\/wp-json\/wp\/v2\/product\/137263","targetHints":{"allow":["GET"]}}],"collection":[{"href":"https:\/\/kingarms.ee\/lv\/wp-json\/wp\/v2\/product"}],"about":[{"href":"https:\/\/kingarms.ee\/lv\/wp-json\/wp\/v2\/types\/product"}],"wp:featuredmedia":[{"embeddable":true,"href":"https:\/\/kingarms.ee\/lv\/wp-json\/wp\/v2\/media\/129397"}],"wp:attachment":[{"href":"https:\/\/kingarms.ee\/lv\/wp-json\/wp\/v2\/media?parent=137263"}],"wp:term":[{"taxonomy":"product_brand","embeddable":true,"href":"https:\/\/kingarms.ee\/lv\/wp-json\/wp\/v2\/product_brand?post=137263"},{"taxonomy":"product_cat","embeddable":true,"href":"https:\/\/kingarms.ee\/lv\/wp-json\/wp\/v2\/product_cat?post=137263"},{"taxonomy":"product_tag","embeddable":true,"href":"https:\/\/kingarms.ee\/lv\/wp-json\/wp\/v2\/product_tag?post=137263"}],"curies":[{"name":"wp","href":"https:\/\/api.w.org\/{rel}","templated":true}]}}