{"id":137266,"date":"2023-06-28T12:27:34","date_gmt":"2024-11-09T14:58:49","guid":{"rendered":"https:\/\/kingarms.ee\/product\/tanfoglio-limited-custom-kwc\/"},"modified":"2024-11-09T17:58:49","modified_gmt":"2024-11-09T14:58:49","slug":"tanfoglio-ierobezots-customkwc","status":"publish","type":"product","link":"https:\/\/kingarms.ee\/lv\/product\/tanfoglio-ierobezots-customkwc\/","title":{"rendered":"Tanfoglio Limited Custom (KWC)"},"content":{"rendered":"<p><img loading=\"lazy\" decoding=\"async\" class=\"alignnone size-medium wp-image-79458\" src=\"https:\/\/kingarms.ee\/wp-content\/uploads\/2023\/06\/diana-pcp-stormrider-4-5-mm-wood-windcheater-e244eb28aef34c7a9df487eace3116f9-0fdb3757-1-300x203.jpg\" alt=\"\" width=\"300\" height=\"203\" srcset=\"https:\/\/kingarms.ee\/wp-content\/uploads\/2023\/06\/diana-pcp-stormrider-4-5-mm-wood-windcheater-e244eb28aef34c7a9df487eace3116f9-0fdb3757-1-300x203.jpg 300w, https:\/\/kingarms.ee\/wp-content\/uploads\/2023\/06\/diana-pcp-stormrider-4-5-mm-wood-windcheater-e244eb28aef34c7a9df487eace3116f9-0fdb3757-1-500x339.jpg 500w, https:\/\/kingarms.ee\/wp-content\/uploads\/2023\/06\/diana-pcp-stormrider-4-5-mm-wood-windcheater-e244eb28aef34c7a9df487eace3116f9-0fdb3757-1-150x102.jpg 150w, https:\/\/kingarms.ee\/wp-content\/uploads\/2023\/06\/diana-pcp-stormrider-4-5-mm-wood-windcheater-e244eb28aef34c7a9df487eace3116f9-0fdb3757-1.jpg 662w\" sizes=\"auto, (max-width: 300px) 100vw, 300px\" \/><\/p>\n","protected":false},"excerpt":{"rendered":"<p>Tanfoglio Limited Custom (KWC)<br \/>\nKalibrs 4,5 mm<br \/>\nPilns met\u0101ls<br \/>\nSvars 1214G<br \/>\nGarums 214mm<br \/>\nNeveiksme<br \/>\nMet\u0101la papl\u0101tes tilpums 20BBS<br \/>\nRegul\u0113jams aizmugur\u0113jais m\u0113r\u0137is<br \/>\nKr\u0101sa melna<\/p>\n","protected":false},"featured_media":129361,"template":"","meta":{"_acf_changed":false},"product_brand":[],"product_cat":[1005],"product_tag":[],"class_list":{"0":"post-137266","1":"product","2":"type-product","3":"status-publish","4":"has-post-thumbnail","6":"product_cat-rokas-pistoles-lv","8":"first","9":"onbackorder","10":"taxable","11":"shipping-taxable","12":"product-type-simple"},"acf":[],"_links":{"self":[{"href":"https:\/\/kingarms.ee\/lv\/wp-json\/wp\/v2\/product\/137266","targetHints":{"allow":["GET"]}}],"collection":[{"href":"https:\/\/kingarms.ee\/lv\/wp-json\/wp\/v2\/product"}],"about":[{"href":"https:\/\/kingarms.ee\/lv\/wp-json\/wp\/v2\/types\/product"}],"wp:featuredmedia":[{"embeddable":true,"href":"https:\/\/kingarms.ee\/lv\/wp-json\/wp\/v2\/media\/129361"}],"wp:attachment":[{"href":"https:\/\/kingarms.ee\/lv\/wp-json\/wp\/v2\/media?parent=137266"}],"wp:term":[{"taxonomy":"product_brand","embeddable":true,"href":"https:\/\/kingarms.ee\/lv\/wp-json\/wp\/v2\/product_brand?post=137266"},{"taxonomy":"product_cat","embeddable":true,"href":"https:\/\/kingarms.ee\/lv\/wp-json\/wp\/v2\/product_cat?post=137266"},{"taxonomy":"product_tag","embeddable":true,"href":"https:\/\/kingarms.ee\/lv\/wp-json\/wp\/v2\/product_tag?post=137266"}],"curies":[{"name":"wp","href":"https:\/\/api.w.org\/{rel}","templated":true}]}}