{"id":137268,"date":"2023-06-26T17:10:07","date_gmt":"2024-11-09T15:06:45","guid":{"rendered":"https:\/\/kingarms.ee\/product\/ruke-fang-p105-q\/"},"modified":"2024-11-09T18:06:45","modified_gmt":"2024-11-09T15:06:45","slug":"ruke-fang-p105-q","status":"publish","type":"product","link":"https:\/\/kingarms.ee\/lv\/product\/ruke-fang-p105-q\/","title":{"rendered":"Ruke Fang P105-Q"},"content":{"rendered":"<p><img loading=\"lazy\" decoding=\"async\" class=\"alignnone size-medium wp-image-79372\" src=\"https:\/\/kingarms.ee\/wp-content\/uploads\/2023\/06\/p128sb_fr-1-300x300.jpg\" alt=\"\" width=\"300\" height=\"300\" srcset=\"https:\/\/kingarms.ee\/wp-content\/uploads\/2023\/06\/p128sb_fr-1-300x300.jpg 300w, https:\/\/kingarms.ee\/wp-content\/uploads\/2023\/06\/p128sb_fr-1-150x150.jpg 150w, https:\/\/kingarms.ee\/wp-content\/uploads\/2023\/06\/p128sb_fr-1-768x768.jpg 768w, https:\/\/kingarms.ee\/wp-content\/uploads\/2023\/06\/p128sb_fr-1-500x500.jpg 500w, https:\/\/kingarms.ee\/wp-content\/uploads\/2023\/06\/p128sb_fr-1.jpg 850w\" sizes=\"auto, (max-width: 300px) 100vw, 300px\" \/><\/p>\n","protected":false},"excerpt":{"rendered":"<p>Ruike Fang P105-Q ir univers\u0101ls artikul\u0113ts nazis ar lielu, stabilu un \u0101rk\u0101rt\u012bgi asu asmeni. Pateicoties lod\u012b\u0161u gult\u0146iem, na\u017ea atv\u0113r\u0161ana ir vienk\u0101r\u0161a un gluda. P105 gl\u012bts un ergonomisks rokturis ir izgatavots no G10 kompoz\u012btmateri\u0101la un apvienots ar ner\u016bs\u0113jo\u0161o t\u0113raudu. Zviedrijas Sandvik 14c28n Noah Steel tiek izmantots k\u0101 graudu materi\u0101ls. Tas ir viens no popul\u0101r\u0101kajiem r\u016bd\u012btajiem na\u017eiem, kas pied\u0101v\u0101 \u013coti labu naudas v\u0113rt\u012bbu.    <\/p>\n","protected":false},"featured_media":132856,"template":"","meta":{"_acf_changed":false},"product_brand":[],"product_cat":[991],"product_tag":[],"class_list":{"0":"post-137268","1":"product","2":"type-product","3":"status-publish","4":"has-post-thumbnail","6":"product_cat-nazi","8":"first","9":"onbackorder","10":"taxable","11":"shipping-taxable","12":"product-type-simple"},"acf":[],"_links":{"self":[{"href":"https:\/\/kingarms.ee\/lv\/wp-json\/wp\/v2\/product\/137268","targetHints":{"allow":["GET"]}}],"collection":[{"href":"https:\/\/kingarms.ee\/lv\/wp-json\/wp\/v2\/product"}],"about":[{"href":"https:\/\/kingarms.ee\/lv\/wp-json\/wp\/v2\/types\/product"}],"wp:featuredmedia":[{"embeddable":true,"href":"https:\/\/kingarms.ee\/lv\/wp-json\/wp\/v2\/media\/132856"}],"wp:attachment":[{"href":"https:\/\/kingarms.ee\/lv\/wp-json\/wp\/v2\/media?parent=137268"}],"wp:term":[{"taxonomy":"product_brand","embeddable":true,"href":"https:\/\/kingarms.ee\/lv\/wp-json\/wp\/v2\/product_brand?post=137268"},{"taxonomy":"product_cat","embeddable":true,"href":"https:\/\/kingarms.ee\/lv\/wp-json\/wp\/v2\/product_cat?post=137268"},{"taxonomy":"product_tag","embeddable":true,"href":"https:\/\/kingarms.ee\/lv\/wp-json\/wp\/v2\/product_tag?post=137268"}],"curies":[{"name":"wp","href":"https:\/\/api.w.org\/{rel}","templated":true}]}}