{"id":137290,"date":"2023-05-07T13:12:55","date_gmt":"2024-11-11T11:35:53","guid":{"rendered":"https:\/\/kingarms.ee\/product\/ierocu-soma-speca-ieroci-zals\/"},"modified":"2024-11-11T14:35:53","modified_gmt":"2024-11-11T11:35:53","slug":"ar-ierociem-speca-arma","status":"publish","type":"product","link":"https:\/\/kingarms.ee\/lv\/product\/ar-ierociem-speca-arma\/","title":{"rendered":"Iero\u010du soma (Speca iero\u010di) &#8211; za\u013c\u0161"},"content":{"rendered":"<p>&nbsp;<\/p>\n<p>&nbsp;<\/p>\n","protected":false},"excerpt":{"rendered":"<p>Iero\u010du soma (Speca iero\u010di) &#8211; za\u013c\u0161<\/p>\n<p>Izm\u0113ri: 980x270x50mm<\/p>\n<p>Svars: 1280g<\/p>\n","protected":false},"featured_media":129253,"template":"","meta":{"_acf_changed":false},"product_brand":[],"product_cat":[1057,1059],"product_tag":[],"class_list":{"0":"post-137290","1":"product","2":"type-product","3":"status-publish","4":"has-post-thumbnail","6":"product_cat-bggs-un-koferi","7":"product_cat-somas","9":"first","10":"instock","11":"taxable","12":"shipping-taxable","13":"purchasable","14":"product-type-simple"},"acf":[],"_links":{"self":[{"href":"https:\/\/kingarms.ee\/lv\/wp-json\/wp\/v2\/product\/137290","targetHints":{"allow":["GET"]}}],"collection":[{"href":"https:\/\/kingarms.ee\/lv\/wp-json\/wp\/v2\/product"}],"about":[{"href":"https:\/\/kingarms.ee\/lv\/wp-json\/wp\/v2\/types\/product"}],"wp:featuredmedia":[{"embeddable":true,"href":"https:\/\/kingarms.ee\/lv\/wp-json\/wp\/v2\/media\/129253"}],"wp:attachment":[{"href":"https:\/\/kingarms.ee\/lv\/wp-json\/wp\/v2\/media?parent=137290"}],"wp:term":[{"taxonomy":"product_brand","embeddable":true,"href":"https:\/\/kingarms.ee\/lv\/wp-json\/wp\/v2\/product_brand?post=137290"},{"taxonomy":"product_cat","embeddable":true,"href":"https:\/\/kingarms.ee\/lv\/wp-json\/wp\/v2\/product_cat?post=137290"},{"taxonomy":"product_tag","embeddable":true,"href":"https:\/\/kingarms.ee\/lv\/wp-json\/wp\/v2\/product_tag?post=137290"}],"curies":[{"name":"wp","href":"https:\/\/api.w.org\/{rel}","templated":true}]}}