{"id":137294,"date":"2023-04-23T17:14:03","date_gmt":"2024-11-11T12:41:46","guid":{"rendered":"https:\/\/kingarms.ee\/product\/pistoles-tirisanas-komplekts-55-mm\/"},"modified":"2024-11-11T15:41:46","modified_gmt":"2024-11-11T12:41:46","slug":"ierocu-tirisana-set-55-mm","status":"publish","type":"product","link":"https:\/\/kingarms.ee\/lv\/product\/ierocu-tirisana-set-55-mm\/","title":{"rendered":"Pistoles t\u012br\u012b\u0161anas komplekts 5,5 mm"},"content":{"rendered":"","protected":false},"excerpt":{"rendered":"<p>Pistoles t\u012br\u012b\u0161anas pabeigt 5,5 mm<\/p>\n","protected":false},"featured_media":128532,"template":"","meta":{"_acf_changed":false},"product_brand":[],"product_cat":[1012],"product_tag":[],"class_list":{"0":"post-137294","1":"product","2":"type-product","3":"status-publish","4":"has-post-thumbnail","6":"product_cat-ierocu-uzturesana","8":"first","9":"instock","10":"taxable","11":"shipping-taxable","12":"purchasable","13":"product-type-simple"},"acf":[],"_links":{"self":[{"href":"https:\/\/kingarms.ee\/lv\/wp-json\/wp\/v2\/product\/137294","targetHints":{"allow":["GET"]}}],"collection":[{"href":"https:\/\/kingarms.ee\/lv\/wp-json\/wp\/v2\/product"}],"about":[{"href":"https:\/\/kingarms.ee\/lv\/wp-json\/wp\/v2\/types\/product"}],"wp:featuredmedia":[{"embeddable":true,"href":"https:\/\/kingarms.ee\/lv\/wp-json\/wp\/v2\/media\/128532"}],"wp:attachment":[{"href":"https:\/\/kingarms.ee\/lv\/wp-json\/wp\/v2\/media?parent=137294"}],"wp:term":[{"taxonomy":"product_brand","embeddable":true,"href":"https:\/\/kingarms.ee\/lv\/wp-json\/wp\/v2\/product_brand?post=137294"},{"taxonomy":"product_cat","embeddable":true,"href":"https:\/\/kingarms.ee\/lv\/wp-json\/wp\/v2\/product_cat?post=137294"},{"taxonomy":"product_tag","embeddable":true,"href":"https:\/\/kingarms.ee\/lv\/wp-json\/wp\/v2\/product_tag?post=137294"}],"curies":[{"name":"wp","href":"https:\/\/api.w.org\/{rel}","templated":true}]}}