{"id":137298,"date":"2023-04-23T14:53:46","date_gmt":"2024-11-11T12:52:04","guid":{"rendered":"https:\/\/kingarms.ee\/product\/metala-bumbinas-95-mm-js-tactical\/"},"modified":"2024-11-11T15:52:04","modified_gmt":"2024-11-11T12:52:04","slug":"metala-bumbinas-95mm-js-tactical","status":"publish","type":"product","link":"https:\/\/kingarms.ee\/lv\/product\/metala-bumbinas-95mm-js-tactical\/","title":{"rendered":"Met\u0101la bumbi\u0146as 9,5 mm (JS-tactical)"},"content":{"rendered":"","protected":false},"excerpt":{"rendered":"<p>Met\u0101la bumbi\u0146as 9,5 mm (JS-tactical)<\/p>\n<p>Iesai\u0146ojums 50gab<\/p>\n<p>Piem\u0113rots ar\u012b Ragulka lieto\u0161anai &#8211; produkta kods: 3061<\/p>\n","protected":false},"featured_media":130524,"template":"","meta":{"_acf_changed":false},"product_brand":[],"product_cat":[1047],"product_tag":[],"class_list":{"0":"post-137298","1":"product","2":"type-product","3":"status-publish","4":"has-post-thumbnail","6":"product_cat-airuna-4-5-mm","8":"first","9":"instock","10":"taxable","11":"shipping-taxable","12":"purchasable","13":"product-type-simple"},"acf":[],"_links":{"self":[{"href":"https:\/\/kingarms.ee\/lv\/wp-json\/wp\/v2\/product\/137298","targetHints":{"allow":["GET"]}}],"collection":[{"href":"https:\/\/kingarms.ee\/lv\/wp-json\/wp\/v2\/product"}],"about":[{"href":"https:\/\/kingarms.ee\/lv\/wp-json\/wp\/v2\/types\/product"}],"wp:featuredmedia":[{"embeddable":true,"href":"https:\/\/kingarms.ee\/lv\/wp-json\/wp\/v2\/media\/130524"}],"wp:attachment":[{"href":"https:\/\/kingarms.ee\/lv\/wp-json\/wp\/v2\/media?parent=137298"}],"wp:term":[{"taxonomy":"product_brand","embeddable":true,"href":"https:\/\/kingarms.ee\/lv\/wp-json\/wp\/v2\/product_brand?post=137298"},{"taxonomy":"product_cat","embeddable":true,"href":"https:\/\/kingarms.ee\/lv\/wp-json\/wp\/v2\/product_cat?post=137298"},{"taxonomy":"product_tag","embeddable":true,"href":"https:\/\/kingarms.ee\/lv\/wp-json\/wp\/v2\/product_tag?post=137298"}],"curies":[{"name":"wp","href":"https:\/\/api.w.org\/{rel}","templated":true}]}}