{"id":137303,"date":"2023-04-06T17:10:14","date_gmt":"2023-04-06T14:10:14","guid":{"rendered":"https:\/\/kingarms.ee\/product\/saciet-lielgabalu-glock-27-bruni\/"},"modified":"2025-07-05T15:48:00","modified_gmt":"2025-07-05T12:48:00","slug":"start-pustol-glock-27-brun","status":"publish","type":"product","link":"https:\/\/kingarms.ee\/lv\/product\/start-pustol-glock-27-brun\/","title":{"rendered":"S\u0101ciet lielgabalu Glock 27 (Bruni)"},"content":{"rendered":"<p><img loading=\"lazy\" decoding=\"async\" class=\"alignnone size-full wp-image-76923\" src=\"https:\/\/kingarms.ee\/wp-content\/uploads\/2023\/04\/bruni-top-firing-blank-pistol-minigap-caliber-8mm-black-br-1100.jpg\" alt=\"\" width=\"1000\" height=\"1000\" srcset=\"https:\/\/kingarms.ee\/wp-content\/uploads\/2023\/04\/bruni-top-firing-blank-pistol-minigap-caliber-8mm-black-br-1100.jpg 1000w, https:\/\/kingarms.ee\/wp-content\/uploads\/2023\/04\/bruni-top-firing-blank-pistol-minigap-caliber-8mm-black-br-1100-300x300.jpg 300w, https:\/\/kingarms.ee\/wp-content\/uploads\/2023\/04\/bruni-top-firing-blank-pistol-minigap-caliber-8mm-black-br-1100-150x150.jpg 150w, https:\/\/kingarms.ee\/wp-content\/uploads\/2023\/04\/bruni-top-firing-blank-pistol-minigap-caliber-8mm-black-br-1100-768x768.jpg 768w, https:\/\/kingarms.ee\/wp-content\/uploads\/2023\/04\/bruni-top-firing-blank-pistol-minigap-caliber-8mm-black-br-1100-500x500.jpg 500w\" sizes=\"auto, (max-width: 1000px) 100vw, 1000px\" \/><\/p>\n","protected":false},"excerpt":{"rendered":"<p>S\u0101ciet lielgabalu Glock 27 (Bruni)<br \/>\n11 ziede<br \/>\nCaliber 9mm<br \/>\nDa\u013c\u0113ji -autom\u0101tisks<br \/>\nStarteris, kas izgatavots no met\u0101la un t\u0113rauda<br \/>\nGarums 179mm<br \/>\nKal 810g<br \/>\nMelns<\/p>\n","protected":false},"featured_media":152657,"template":"","meta":{"_acf_changed":false},"product_brand":[],"product_cat":[1010],"product_tag":[],"class_list":{"0":"post-137303","1":"product","2":"type-product","3":"status-publish","4":"has-post-thumbnail","6":"product_cat-starta-pistoles","8":"first","9":"instock","10":"taxable","11":"shipping-taxable","12":"purchasable","13":"product-type-simple"},"acf":[],"_links":{"self":[{"href":"https:\/\/kingarms.ee\/lv\/wp-json\/wp\/v2\/product\/137303","targetHints":{"allow":["GET"]}}],"collection":[{"href":"https:\/\/kingarms.ee\/lv\/wp-json\/wp\/v2\/product"}],"about":[{"href":"https:\/\/kingarms.ee\/lv\/wp-json\/wp\/v2\/types\/product"}],"wp:featuredmedia":[{"embeddable":true,"href":"https:\/\/kingarms.ee\/lv\/wp-json\/wp\/v2\/media\/152657"}],"wp:attachment":[{"href":"https:\/\/kingarms.ee\/lv\/wp-json\/wp\/v2\/media?parent=137303"}],"wp:term":[{"taxonomy":"product_brand","embeddable":true,"href":"https:\/\/kingarms.ee\/lv\/wp-json\/wp\/v2\/product_brand?post=137303"},{"taxonomy":"product_cat","embeddable":true,"href":"https:\/\/kingarms.ee\/lv\/wp-json\/wp\/v2\/product_cat?post=137303"},{"taxonomy":"product_tag","embeddable":true,"href":"https:\/\/kingarms.ee\/lv\/wp-json\/wp\/v2\/product_tag?post=137303"}],"curies":[{"name":"wp","href":"https:\/\/api.w.org\/{rel}","templated":true}]}}