{"id":137306,"date":"2023-03-28T15:19:22","date_gmt":"2023-03-28T12:19:22","guid":{"rendered":"https:\/\/kingarms.ee\/product\/saciet-pistoli-glock-17-9mm-bruni\/"},"modified":"2024-11-11T16:43:33","modified_gmt":"2024-11-11T13:43:33","slug":"start-pustol-glock-17-9mm-brun","status":"publish","type":"product","link":"https:\/\/kingarms.ee\/lv\/product\/start-pustol-glock-17-9mm-brun\/","title":{"rendered":"S\u0101ciet pistoli Glock 17 9mm (Bruni)"},"content":{"rendered":"<p><img loading=\"lazy\" decoding=\"async\" class=\"alignnone size-full wp-image-76747\" src=\"https:\/\/kingarms.ee\/wp-content\/uploads\/2023\/03\/bruni-blank-pistol-top-firing-gap-caliber-9mm-nikel-br-1401n.jpg\" alt=\"\" width=\"600\" height=\"600\" srcset=\"https:\/\/kingarms.ee\/wp-content\/uploads\/2023\/03\/bruni-blank-pistol-top-firing-gap-caliber-9mm-nikel-br-1401n.jpg 600w, https:\/\/kingarms.ee\/wp-content\/uploads\/2023\/03\/bruni-blank-pistol-top-firing-gap-caliber-9mm-nikel-br-1401n-300x300.jpg 300w, https:\/\/kingarms.ee\/wp-content\/uploads\/2023\/03\/bruni-blank-pistol-top-firing-gap-caliber-9mm-nikel-br-1401n-150x150.jpg 150w, https:\/\/kingarms.ee\/wp-content\/uploads\/2023\/03\/bruni-blank-pistol-top-firing-gap-caliber-9mm-nikel-br-1401n-500x500.jpg 500w\" sizes=\"auto, (max-width: 600px) 100vw, 600px\" \/><\/p>\n","protected":false},"excerpt":{"rendered":"<p>S\u0101ciet pistoli Glock 17 9mm (Bruni)<\/p>\n<p>Aug\u0161\u0113j\u0101 pistole, kas fotograf\u0113 ar tuk\u0161u pistoli<br \/>\n11 k\u0101rtrid\u017ei ar piemi\u0146as konteineru<br \/>\n9 mm ar kalibru<br \/>\nViena -laika darb\u012bba<br \/>\nda\u013c\u0113ji -autom\u0101tisks<br \/>\nGarums 202mm<br \/>\nSvars 650g<br \/>\nNi\u0137e\u013ca kr\u0101sa<\/p>\n","protected":false},"featured_media":152567,"template":"","meta":{"_acf_changed":false},"product_brand":[],"product_cat":[1010],"product_tag":[],"class_list":{"0":"post-137306","1":"product","2":"type-product","3":"status-publish","4":"has-post-thumbnail","6":"product_cat-starta-pistoles","8":"first","9":"onbackorder","10":"taxable","11":"shipping-taxable","12":"product-type-simple"},"acf":[],"_links":{"self":[{"href":"https:\/\/kingarms.ee\/lv\/wp-json\/wp\/v2\/product\/137306","targetHints":{"allow":["GET"]}}],"collection":[{"href":"https:\/\/kingarms.ee\/lv\/wp-json\/wp\/v2\/product"}],"about":[{"href":"https:\/\/kingarms.ee\/lv\/wp-json\/wp\/v2\/types\/product"}],"wp:featuredmedia":[{"embeddable":true,"href":"https:\/\/kingarms.ee\/lv\/wp-json\/wp\/v2\/media\/152567"}],"wp:attachment":[{"href":"https:\/\/kingarms.ee\/lv\/wp-json\/wp\/v2\/media?parent=137306"}],"wp:term":[{"taxonomy":"product_brand","embeddable":true,"href":"https:\/\/kingarms.ee\/lv\/wp-json\/wp\/v2\/product_brand?post=137306"},{"taxonomy":"product_cat","embeddable":true,"href":"https:\/\/kingarms.ee\/lv\/wp-json\/wp\/v2\/product_cat?post=137306"},{"taxonomy":"product_tag","embeddable":true,"href":"https:\/\/kingarms.ee\/lv\/wp-json\/wp\/v2\/product_tag?post=137306"}],"curies":[{"name":"wp","href":"https:\/\/api.w.org\/{rel}","templated":true}]}}