{"id":137314,"date":"2023-03-27T19:59:00","date_gmt":"2024-11-11T13:52:08","guid":{"rendered":"https:\/\/kingarms.ee\/product\/ieroca-uzvalks-src-smilskrasa\/"},"modified":"2024-11-11T16:52:08","modified_gmt":"2024-11-11T13:52:08","slug":"ierocu-tiesas-src-beez","status":"publish","type":"product","link":"https:\/\/kingarms.ee\/lv\/product\/ierocu-tiesas-src-beez\/","title":{"rendered":"Iero\u010da uzvalks (SRC) &#8211; smil\u0161kr\u0101sa"},"content":{"rendered":"<p><img loading=\"lazy\" decoding=\"async\" class=\"alignnone size-full wp-image-76671\" src=\"https:\/\/kingarms.ee\/wp-content\/uploads\/2023\/03\/Rifle-Hard-Case-105cm-Tan-SRC-az19272large1.png\" alt=\"\" width=\"1400\" height=\"980\" srcset=\"https:\/\/kingarms.ee\/wp-content\/uploads\/2023\/03\/Rifle-Hard-Case-105cm-Tan-SRC-az19272large1.png 1400w, https:\/\/kingarms.ee\/wp-content\/uploads\/2023\/03\/Rifle-Hard-Case-105cm-Tan-SRC-az19272large1-300x210.png 300w, https:\/\/kingarms.ee\/wp-content\/uploads\/2023\/03\/Rifle-Hard-Case-105cm-Tan-SRC-az19272large1-1024x717.png 1024w, https:\/\/kingarms.ee\/wp-content\/uploads\/2023\/03\/Rifle-Hard-Case-105cm-Tan-SRC-az19272large1-768x538.png 768w, https:\/\/kingarms.ee\/wp-content\/uploads\/2023\/03\/Rifle-Hard-Case-105cm-Tan-SRC-az19272large1-500x350.png 500w, https:\/\/kingarms.ee\/wp-content\/uploads\/2023\/03\/Rifle-Hard-Case-105cm-Tan-SRC-az19272large1-150x105.png 150w\" sizes=\"auto, (max-width: 1400px) 100vw, 1400px\" \/><\/p>\n","protected":false},"excerpt":{"rendered":"<p>Iero\u010da uzvalks (SRC) &#8211; smil\u0161kr\u0101sa<\/p>\n<p>Kvess tur M4, AK47 un 74 un maz\u0101kus snaipera pistoles.<\/p>\n<p>Izm\u0113ri: 105cm x 33cm<br \/>\nSvars: 5,3 kg<\/p>\n","protected":false},"featured_media":128069,"template":"","meta":{"_acf_changed":false},"product_brand":[],"product_cat":[1058],"product_tag":[],"class_list":{"0":"post-137314","1":"product","2":"type-product","3":"status-publish","4":"has-post-thumbnail","6":"product_cat-kofazes","8":"first","9":"instock","10":"taxable","11":"shipping-taxable","12":"purchasable","13":"product-type-simple"},"acf":[],"_links":{"self":[{"href":"https:\/\/kingarms.ee\/lv\/wp-json\/wp\/v2\/product\/137314","targetHints":{"allow":["GET"]}}],"collection":[{"href":"https:\/\/kingarms.ee\/lv\/wp-json\/wp\/v2\/product"}],"about":[{"href":"https:\/\/kingarms.ee\/lv\/wp-json\/wp\/v2\/types\/product"}],"wp:featuredmedia":[{"embeddable":true,"href":"https:\/\/kingarms.ee\/lv\/wp-json\/wp\/v2\/media\/128069"}],"wp:attachment":[{"href":"https:\/\/kingarms.ee\/lv\/wp-json\/wp\/v2\/media?parent=137314"}],"wp:term":[{"taxonomy":"product_brand","embeddable":true,"href":"https:\/\/kingarms.ee\/lv\/wp-json\/wp\/v2\/product_brand?post=137314"},{"taxonomy":"product_cat","embeddable":true,"href":"https:\/\/kingarms.ee\/lv\/wp-json\/wp\/v2\/product_cat?post=137314"},{"taxonomy":"product_tag","embeddable":true,"href":"https:\/\/kingarms.ee\/lv\/wp-json\/wp\/v2\/product_tag?post=137314"}],"curies":[{"name":"wp","href":"https:\/\/api.w.org\/{rel}","templated":true}]}}