{"id":137320,"date":"2023-03-27T19:13:47","date_gmt":"2024-11-11T14:02:09","guid":{"rendered":"https:\/\/kingarms.ee\/product\/pistoles-un-aprikojuma-cemodans\/"},"modified":"2024-11-11T17:02:09","modified_gmt":"2024-11-11T14:02:09","slug":"pustol-and-equipment-coofee","status":"publish","type":"product","link":"https:\/\/kingarms.ee\/lv\/product\/pustol-and-equipment-coofee\/","title":{"rendered":"Pistoles un apr\u012bkojuma \u010demod\u0101ns"},"content":{"rendered":"<p><img loading=\"lazy\" decoding=\"async\" class=\"alignnone size-full wp-image-76612\" src=\"https:\/\/kingarms.ee\/wp-content\/uploads\/2023\/03\/Pistol-and-Equipment-Case-Black-Nimrod-az37556large1-1.png\" alt=\"\" width=\"1400\" height=\"980\" srcset=\"https:\/\/kingarms.ee\/wp-content\/uploads\/2023\/03\/Pistol-and-Equipment-Case-Black-Nimrod-az37556large1-1.png 1400w, https:\/\/kingarms.ee\/wp-content\/uploads\/2023\/03\/Pistol-and-Equipment-Case-Black-Nimrod-az37556large1-1-300x210.png 300w, https:\/\/kingarms.ee\/wp-content\/uploads\/2023\/03\/Pistol-and-Equipment-Case-Black-Nimrod-az37556large1-1-1024x717.png 1024w, https:\/\/kingarms.ee\/wp-content\/uploads\/2023\/03\/Pistol-and-Equipment-Case-Black-Nimrod-az37556large1-1-768x538.png 768w, https:\/\/kingarms.ee\/wp-content\/uploads\/2023\/03\/Pistol-and-Equipment-Case-Black-Nimrod-az37556large1-1-500x350.png 500w, https:\/\/kingarms.ee\/wp-content\/uploads\/2023\/03\/Pistol-and-Equipment-Case-Black-Nimrod-az37556large1-1-150x105.png 150w\" sizes=\"auto, (max-width: 1400px) 100vw, 1400px\" \/><\/p>\n","protected":false},"excerpt":{"rendered":"<p>Pistoles un apr\u012bkojuma koferis no ra\u017eot\u0101ja Nimrod.<\/p>\n<p>Var tur\u0113t:<br \/>\n2 \u0161aujamiero\u010di<br \/>\n4 Pack mun\u012bcija<br \/>\nTrok\u0161\u0146a sl\u0101p\u0113t\u0101js<br \/>\n9 v\u0113l papl\u0101tes<br \/>\n2 pagarin\u0101tas papl\u0101tes<br \/>\nT\u012br\u012b\u0161anas komplekts<br \/>\nDa\u013ca<\/p>\n","protected":false},"featured_media":128033,"template":"","meta":{"_acf_changed":false},"product_brand":[],"product_cat":[1058],"product_tag":[],"class_list":{"0":"post-137320","1":"product","2":"type-product","3":"status-publish","4":"has-post-thumbnail","6":"product_cat-kofazes","8":"first","9":"instock","10":"taxable","11":"shipping-taxable","12":"purchasable","13":"product-type-simple"},"acf":[],"_links":{"self":[{"href":"https:\/\/kingarms.ee\/lv\/wp-json\/wp\/v2\/product\/137320","targetHints":{"allow":["GET"]}}],"collection":[{"href":"https:\/\/kingarms.ee\/lv\/wp-json\/wp\/v2\/product"}],"about":[{"href":"https:\/\/kingarms.ee\/lv\/wp-json\/wp\/v2\/types\/product"}],"wp:featuredmedia":[{"embeddable":true,"href":"https:\/\/kingarms.ee\/lv\/wp-json\/wp\/v2\/media\/128033"}],"wp:attachment":[{"href":"https:\/\/kingarms.ee\/lv\/wp-json\/wp\/v2\/media?parent=137320"}],"wp:term":[{"taxonomy":"product_brand","embeddable":true,"href":"https:\/\/kingarms.ee\/lv\/wp-json\/wp\/v2\/product_brand?post=137320"},{"taxonomy":"product_cat","embeddable":true,"href":"https:\/\/kingarms.ee\/lv\/wp-json\/wp\/v2\/product_cat?post=137320"},{"taxonomy":"product_tag","embeddable":true,"href":"https:\/\/kingarms.ee\/lv\/wp-json\/wp\/v2\/product_tag?post=137320"}],"curies":[{"name":"wp","href":"https:\/\/api.w.org\/{rel}","templated":true}]}}