{"id":137328,"date":"2023-03-27T18:31:39","date_gmt":"2024-11-11T14:10:31","guid":{"rendered":"https:\/\/kingarms.ee\/product\/divkarsa-parklata-paplate-m4-556-mm-karavirs\/"},"modified":"2024-11-11T17:10:31","modified_gmt":"2024-11-11T14:10:31","slug":"ar-divkarsu-parklajumu-simmer-m4-556-mm-karavirs","status":"publish","type":"product","link":"https:\/\/kingarms.ee\/lv\/product\/ar-divkarsu-parklajumu-simmer-m4-556-mm-karavirs\/","title":{"rendered":"Divk\u0101r\u0161a p\u0101rkl\u0101ta papl\u0101te M4 5,56 mm (karav\u012brs)"},"content":{"rendered":"<p><img loading=\"lazy\" decoding=\"async\" class=\"alignnone size-full wp-image-76554\" src=\"https:\/\/kingarms.ee\/wp-content\/uploads\/2023\/03\/DOUBLE-MAGAZINES-M4-5.56MM-POUCH-MULTICAM-1-1000x1000-1.jpg\" alt=\"\" width=\"1000\" height=\"1000\" srcset=\"https:\/\/kingarms.ee\/wp-content\/uploads\/2023\/03\/DOUBLE-MAGAZINES-M4-5.56MM-POUCH-MULTICAM-1-1000x1000-1.jpg 1000w, https:\/\/kingarms.ee\/wp-content\/uploads\/2023\/03\/DOUBLE-MAGAZINES-M4-5.56MM-POUCH-MULTICAM-1-1000x1000-1-300x300.jpg 300w, https:\/\/kingarms.ee\/wp-content\/uploads\/2023\/03\/DOUBLE-MAGAZINES-M4-5.56MM-POUCH-MULTICAM-1-1000x1000-1-150x150.jpg 150w, https:\/\/kingarms.ee\/wp-content\/uploads\/2023\/03\/DOUBLE-MAGAZINES-M4-5.56MM-POUCH-MULTICAM-1-1000x1000-1-768x768.jpg 768w, https:\/\/kingarms.ee\/wp-content\/uploads\/2023\/03\/DOUBLE-MAGAZINES-M4-5.56MM-POUCH-MULTICAM-1-1000x1000-1-500x500.jpg 500w\" sizes=\"auto, (max-width: 1000px) 100vw, 1000px\" \/><\/p>\n","protected":false},"excerpt":{"rendered":"<p>Divkarsha P\u0101rkl\u0101ta papl\u0101se M4 5,56 mm (Karav\u012brs)<\/p>\n","protected":false},"featured_media":127996,"template":"","meta":{"_acf_changed":false},"product_brand":[],"product_cat":[1100],"product_tag":[],"class_list":{"0":"post-137328","1":"product","2":"type-product","3":"status-publish","4":"has-post-thumbnail","6":"product_cat-uzglabasanas-kabatas","8":"first","9":"onbackorder","10":"taxable","11":"shipping-taxable","12":"product-type-simple"},"acf":[],"_links":{"self":[{"href":"https:\/\/kingarms.ee\/lv\/wp-json\/wp\/v2\/product\/137328","targetHints":{"allow":["GET"]}}],"collection":[{"href":"https:\/\/kingarms.ee\/lv\/wp-json\/wp\/v2\/product"}],"about":[{"href":"https:\/\/kingarms.ee\/lv\/wp-json\/wp\/v2\/types\/product"}],"wp:featuredmedia":[{"embeddable":true,"href":"https:\/\/kingarms.ee\/lv\/wp-json\/wp\/v2\/media\/127996"}],"wp:attachment":[{"href":"https:\/\/kingarms.ee\/lv\/wp-json\/wp\/v2\/media?parent=137328"}],"wp:term":[{"taxonomy":"product_brand","embeddable":true,"href":"https:\/\/kingarms.ee\/lv\/wp-json\/wp\/v2\/product_brand?post=137328"},{"taxonomy":"product_cat","embeddable":true,"href":"https:\/\/kingarms.ee\/lv\/wp-json\/wp\/v2\/product_cat?post=137328"},{"taxonomy":"product_tag","embeddable":true,"href":"https:\/\/kingarms.ee\/lv\/wp-json\/wp\/v2\/product_tag?post=137328"}],"curies":[{"name":"wp","href":"https:\/\/api.w.org\/{rel}","templated":true}]}}