{"id":137330,"date":"2023-03-27T18:25:48","date_gmt":"2024-11-11T14:12:42","guid":{"rendered":"https:\/\/kingarms.ee\/product\/triskarsas-paplates-kabatas-m4-556-mm-karavirs\/"},"modified":"2024-11-11T17:12:42","modified_gmt":"2024-11-11T14:12:42","slug":"ar-triskarsu-flizetu-mm4-556-mm-karaviru","status":"publish","type":"product","link":"https:\/\/kingarms.ee\/lv\/product\/ar-triskarsu-flizetu-mm4-556-mm-karaviru\/","title":{"rendered":"Tr\u012bsk\u0101r\u0161\u0101s papl\u0101tes kabatas M4 5,56 mm (karav\u012brs)"},"content":{"rendered":"<p><img loading=\"lazy\" decoding=\"async\" class=\"alignnone size-full wp-image-76545\" src=\"https:\/\/kingarms.ee\/wp-content\/uploads\/2023\/03\/W-EO-TM4-MC-3-1000x1000-1.jpg\" alt=\"\" width=\"1000\" height=\"1000\" srcset=\"https:\/\/kingarms.ee\/wp-content\/uploads\/2023\/03\/W-EO-TM4-MC-3-1000x1000-1.jpg 1000w, https:\/\/kingarms.ee\/wp-content\/uploads\/2023\/03\/W-EO-TM4-MC-3-1000x1000-1-300x300.jpg 300w, https:\/\/kingarms.ee\/wp-content\/uploads\/2023\/03\/W-EO-TM4-MC-3-1000x1000-1-150x150.jpg 150w, https:\/\/kingarms.ee\/wp-content\/uploads\/2023\/03\/W-EO-TM4-MC-3-1000x1000-1-768x768.jpg 768w, https:\/\/kingarms.ee\/wp-content\/uploads\/2023\/03\/W-EO-TM4-MC-3-1000x1000-1-500x500.jpg 500w\" sizes=\"auto, (max-width: 1000px) 100vw, 1000px\" \/><\/p>\n","protected":false},"excerpt":{"rendered":"<p>Tr\u012bsk\u0101rSh\u0101s Papl\u0101tes Kabata M4 5,56 mm (Karav\u012brs)<\/p>\n","protected":false},"featured_media":127992,"template":"","meta":{"_acf_changed":false},"product_brand":[],"product_cat":[1100],"product_tag":[],"class_list":{"0":"post-137330","1":"product","2":"type-product","3":"status-publish","4":"has-post-thumbnail","6":"product_cat-uzglabasanas-kabatas","8":"first","9":"instock","10":"taxable","11":"shipping-taxable","12":"purchasable","13":"product-type-simple"},"acf":[],"_links":{"self":[{"href":"https:\/\/kingarms.ee\/lv\/wp-json\/wp\/v2\/product\/137330","targetHints":{"allow":["GET"]}}],"collection":[{"href":"https:\/\/kingarms.ee\/lv\/wp-json\/wp\/v2\/product"}],"about":[{"href":"https:\/\/kingarms.ee\/lv\/wp-json\/wp\/v2\/types\/product"}],"wp:featuredmedia":[{"embeddable":true,"href":"https:\/\/kingarms.ee\/lv\/wp-json\/wp\/v2\/media\/127992"}],"wp:attachment":[{"href":"https:\/\/kingarms.ee\/lv\/wp-json\/wp\/v2\/media?parent=137330"}],"wp:term":[{"taxonomy":"product_brand","embeddable":true,"href":"https:\/\/kingarms.ee\/lv\/wp-json\/wp\/v2\/product_brand?post=137330"},{"taxonomy":"product_cat","embeddable":true,"href":"https:\/\/kingarms.ee\/lv\/wp-json\/wp\/v2\/product_cat?post=137330"},{"taxonomy":"product_tag","embeddable":true,"href":"https:\/\/kingarms.ee\/lv\/wp-json\/wp\/v2\/product_tag?post=137330"}],"curies":[{"name":"wp","href":"https:\/\/api.w.org\/{rel}","templated":true}]}}