{"id":137336,"date":"2023-03-22T15:28:33","date_gmt":"2024-11-13T09:18:45","guid":{"rendered":"https:\/\/kingarms.ee\/product\/t4e-sport-pab-50-cal-500-dzeltens\/"},"modified":"2024-11-13T12:18:45","modified_gmt":"2024-11-13T09:18:45","slug":"t4e-sport-pab-50-cal-500-dzeltenais","status":"publish","type":"product","link":"https:\/\/kingarms.ee\/lv\/product\/t4e-sport-pab-50-cal-500-dzeltenais\/","title":{"rendered":"T4E Sport Pab 50 Cal. 500 dzeltens"},"content":{"rendered":"<p><img loading=\"lazy\" decoding=\"async\" class=\"alignnone size-full wp-image-76363\" src=\"https:\/\/kingarms.ee\/wp-content\/uploads\/2023\/03\/t4e-sport-pab-paintballs-50-cal-500-yellow-40570e011d244f5094fb592ba86a11b3-630a1c96.jpg\" alt=\"\" width=\"900\" height=\"900\" srcset=\"https:\/\/kingarms.ee\/wp-content\/uploads\/2023\/03\/t4e-sport-pab-paintballs-50-cal-500-yellow-40570e011d244f5094fb592ba86a11b3-630a1c96.jpg 900w, https:\/\/kingarms.ee\/wp-content\/uploads\/2023\/03\/t4e-sport-pab-paintballs-50-cal-500-yellow-40570e011d244f5094fb592ba86a11b3-630a1c96-300x300.jpg 300w, https:\/\/kingarms.ee\/wp-content\/uploads\/2023\/03\/t4e-sport-pab-paintballs-50-cal-500-yellow-40570e011d244f5094fb592ba86a11b3-630a1c96-150x150.jpg 150w, https:\/\/kingarms.ee\/wp-content\/uploads\/2023\/03\/t4e-sport-pab-paintballs-50-cal-500-yellow-40570e011d244f5094fb592ba86a11b3-630a1c96-768x768.jpg 768w, https:\/\/kingarms.ee\/wp-content\/uploads\/2023\/03\/t4e-sport-pab-paintballs-50-cal-500-yellow-40570e011d244f5094fb592ba86a11b3-630a1c96-500x500.jpg 500w\" sizes=\"auto, (max-width: 900px) 100vw, 900px\" \/><\/p>\n","protected":false},"excerpt":{"rendered":"<p>T4E Sport Pab 50 Cal. 500 dzeltenie ir klasiskas peintbumbas ar RAM mar\u0137ieriem apm\u0101c\u012bbai un izklaidei.<\/p>\n","protected":false},"featured_media":133157,"template":"","meta":{"_acf_changed":false},"product_brand":[],"product_cat":[1049],"product_tag":[],"class_list":{"0":"post-137336","1":"product","2":"type-product","3":"status-publish","4":"has-post-thumbnail","6":"product_cat-gumijas-brankasss","8":"first","9":"onbackorder","10":"taxable","11":"shipping-taxable","12":"product-type-simple"},"acf":[],"_links":{"self":[{"href":"https:\/\/kingarms.ee\/lv\/wp-json\/wp\/v2\/product\/137336","targetHints":{"allow":["GET"]}}],"collection":[{"href":"https:\/\/kingarms.ee\/lv\/wp-json\/wp\/v2\/product"}],"about":[{"href":"https:\/\/kingarms.ee\/lv\/wp-json\/wp\/v2\/types\/product"}],"wp:featuredmedia":[{"embeddable":true,"href":"https:\/\/kingarms.ee\/lv\/wp-json\/wp\/v2\/media\/133157"}],"wp:attachment":[{"href":"https:\/\/kingarms.ee\/lv\/wp-json\/wp\/v2\/media?parent=137336"}],"wp:term":[{"taxonomy":"product_brand","embeddable":true,"href":"https:\/\/kingarms.ee\/lv\/wp-json\/wp\/v2\/product_brand?post=137336"},{"taxonomy":"product_cat","embeddable":true,"href":"https:\/\/kingarms.ee\/lv\/wp-json\/wp\/v2\/product_cat?post=137336"},{"taxonomy":"product_tag","embeddable":true,"href":"https:\/\/kingarms.ee\/lv\/wp-json\/wp\/v2\/product_tag?post=137336"}],"curies":[{"name":"wp","href":"https:\/\/api.w.org\/{rel}","templated":true}]}}