{"id":137338,"date":"2023-03-22T14:13:27","date_gmt":"2024-11-13T09:24:29","guid":{"rendered":"https:\/\/kingarms.ee\/product\/cela-un-elkona-drosinataju-komplekts-remington\/"},"modified":"2024-11-13T12:24:29","modified_gmt":"2024-11-13T09:24:29","slug":"polve-and-tuunrnu-cup-c-komplekts","status":"publish","type":"product","link":"https:\/\/kingarms.ee\/lv\/product\/polve-and-tuunrnu-cup-c-komplekts\/","title":{"rendered":"Ce\u013ca un elko\u0146a dro\u0161in\u0101t\u0101ju komplekts (Remington)"},"content":{"rendered":"<p><img loading=\"lazy\" decoding=\"async\" class=\"alignnone size-full wp-image-76335\" src=\"https:\/\/kingarms.ee\/wp-content\/uploads\/2023\/03\/wosport-knee-pads-and-elbow-pads-black-ex-pa3bk.jpg\" alt=\"\" width=\"1000\" height=\"1000\" srcset=\"https:\/\/kingarms.ee\/wp-content\/uploads\/2023\/03\/wosport-knee-pads-and-elbow-pads-black-ex-pa3bk.jpg 1000w, https:\/\/kingarms.ee\/wp-content\/uploads\/2023\/03\/wosport-knee-pads-and-elbow-pads-black-ex-pa3bk-300x300.jpg 300w, https:\/\/kingarms.ee\/wp-content\/uploads\/2023\/03\/wosport-knee-pads-and-elbow-pads-black-ex-pa3bk-150x150.jpg 150w, https:\/\/kingarms.ee\/wp-content\/uploads\/2023\/03\/wosport-knee-pads-and-elbow-pads-black-ex-pa3bk-768x768.jpg 768w, https:\/\/kingarms.ee\/wp-content\/uploads\/2023\/03\/wosport-knee-pads-and-elbow-pads-black-ex-pa3bk-500x500.jpg 500w\" sizes=\"auto, (max-width: 1000px) 100vw, 1000px\" \/><\/p>\n","protected":false},"excerpt":{"rendered":"<p>Ce\u013ca un elko\u0146a dro\u0161in\u0101t\u0101ju komplekts (Remington)<\/p>\n<p>Ce\u013ca un elko\u0146a dro\u0161in\u0101t\u0101ju komplekts (Remington- ASV)<\/p>\n<p>Izm\u0113rs: univers\u0101ls<\/p>\n","protected":false},"featured_media":134358,"template":"","meta":{"_acf_changed":false},"product_brand":[],"product_cat":[1074],"product_tag":[],"class_list":{"0":"post-137338","1":"product","2":"type-product","3":"status-publish","4":"has-post-thumbnail","6":"product_cat-cela-spilventini","8":"first","9":"instock","10":"taxable","11":"shipping-taxable","12":"purchasable","13":"product-type-simple"},"acf":[],"_links":{"self":[{"href":"https:\/\/kingarms.ee\/lv\/wp-json\/wp\/v2\/product\/137338","targetHints":{"allow":["GET"]}}],"collection":[{"href":"https:\/\/kingarms.ee\/lv\/wp-json\/wp\/v2\/product"}],"about":[{"href":"https:\/\/kingarms.ee\/lv\/wp-json\/wp\/v2\/types\/product"}],"wp:featuredmedia":[{"embeddable":true,"href":"https:\/\/kingarms.ee\/lv\/wp-json\/wp\/v2\/media\/134358"}],"wp:attachment":[{"href":"https:\/\/kingarms.ee\/lv\/wp-json\/wp\/v2\/media?parent=137338"}],"wp:term":[{"taxonomy":"product_brand","embeddable":true,"href":"https:\/\/kingarms.ee\/lv\/wp-json\/wp\/v2\/product_brand?post=137338"},{"taxonomy":"product_cat","embeddable":true,"href":"https:\/\/kingarms.ee\/lv\/wp-json\/wp\/v2\/product_cat?post=137338"},{"taxonomy":"product_tag","embeddable":true,"href":"https:\/\/kingarms.ee\/lv\/wp-json\/wp\/v2\/product_tag?post=137338"}],"curies":[{"name":"wp","href":"https:\/\/api.w.org\/{rel}","templated":true}]}}