{"id":137403,"date":"2024-03-01T18:53:38","date_gmt":"2024-11-13T10:19:19","guid":{"rendered":"https:\/\/kingarms.ee\/product\/man-kung-plankabch-185-lbs-camo-mk-xb86dc\/"},"modified":"2025-08-02T19:12:50","modified_gmt":"2025-08-02T16:12:50","slug":"man-kung-blokkamb-185-lbs-camo-mk-xb86dc","status":"publish","type":"product","link":"https:\/\/kingarms.ee\/lv\/product\/man-kung-blokkamb-185-lbs-camo-mk-xb86dc\/","title":{"rendered":"Man Kung Plankabch 185 lbs camo (MK-XB86DC)"},"content":{"rendered":"<p><img loading=\"lazy\" decoding=\"async\" class=\"alignnone size-full wp-image-98923\" src=\"https:\/\/kingarms.ee\/wp-content\/uploads\/2024\/03\/man-kung-compound-crossbow-fighter-185-lbs-camo-mk-xb86dc.jpg\" alt=\"\" width=\"600\" height=\"600\" srcset=\"https:\/\/kingarms.ee\/wp-content\/uploads\/2024\/03\/man-kung-compound-crossbow-fighter-185-lbs-camo-mk-xb86dc.jpg 600w, https:\/\/kingarms.ee\/wp-content\/uploads\/2024\/03\/man-kung-compound-crossbow-fighter-185-lbs-camo-mk-xb86dc-300x300.jpg 300w, https:\/\/kingarms.ee\/wp-content\/uploads\/2024\/03\/man-kung-compound-crossbow-fighter-185-lbs-camo-mk-xb86dc-150x150.jpg 150w, https:\/\/kingarms.ee\/wp-content\/uploads\/2024\/03\/man-kung-compound-crossbow-fighter-185-lbs-camo-mk-xb86dc-500x500.jpg 500w\" sizes=\"auto, (max-width: 600px) 100vw, 600px\" \/><\/p>\n","protected":false},"excerpt":{"rendered":"<p>Man Kungb Blokkb 185 lbs camo (MK-XB86DC) Tehnisk\u0101 Data: Compunda Amb Fighter Man Kung Production.<br \/>\n185 M\u0101rci\u0146as.<br \/>\n\u0100rrums 370 Kadri otrais.<br \/>\nNav ass lkopz 21.5 kol\u0101m.<br \/>\nP\u0101rnesums 14.5. Kollas.<br \/>\nStiklplasta gal\u0113j\u012bb\u0101s.<br \/>\nCNC Alum\u012bnija Muca un Skime\u013ci.<br \/>\nPolim\u0113ras materials ars Regul\u0101r\u0113jamu sve\u0137u plak\u0101ti un gumijotu plecu spilventti\u0146u.<br \/>\nSausa Uguns inhibitors Tehnolo\u0123ija, nu Neletuuj Aizdegies.<br \/>\nStandArt slaidi 20 mm.<br \/>\nPrieksheis in Rock.<\/p>\n<p>4 reizes t\u0101lummai\u0146as optika, 32 mM pretrefleksijas trieciens un miglas necaurlaid\u012bgs objekt\u012bvs ar regul\u0113jamu cel\u0161anu un dreifu.<br \/>\nGumijas vibr\u0101cijas trok\u0161\u0146a sl\u0101p\u0113t\u0101ji.<br \/>\nStikla bultas tur\u0113t\u0101js ar 4 20 collu oglek\u013ca bulti\u0146\u0101m.<br \/>\nN\u0101k ar iekr\u0101v\u0113ju.<br \/>\nN\u0101k ar siksnu un vasku.<br \/>\nGarums 94 cm.<br \/>\nSvars 3500 g.<br \/>\nPirms s\u016bt\u012b\u0161anas,<\/p>\n","protected":false},"featured_media":134854,"template":"","meta":{"_acf_changed":false},"product_brand":[],"product_cat":[1014],"product_tag":[],"class_list":{"0":"post-137403","1":"product","2":"type-product","3":"status-publish","4":"has-post-thumbnail","6":"product_cat-sens","8":"first","9":"instock","10":"taxable","11":"shipping-taxable","12":"purchasable","13":"product-type-simple"},"acf":[],"_links":{"self":[{"href":"https:\/\/kingarms.ee\/lv\/wp-json\/wp\/v2\/product\/137403","targetHints":{"allow":["GET"]}}],"collection":[{"href":"https:\/\/kingarms.ee\/lv\/wp-json\/wp\/v2\/product"}],"about":[{"href":"https:\/\/kingarms.ee\/lv\/wp-json\/wp\/v2\/types\/product"}],"wp:featuredmedia":[{"embeddable":true,"href":"https:\/\/kingarms.ee\/lv\/wp-json\/wp\/v2\/media\/134854"}],"wp:attachment":[{"href":"https:\/\/kingarms.ee\/lv\/wp-json\/wp\/v2\/media?parent=137403"}],"wp:term":[{"taxonomy":"product_brand","embeddable":true,"href":"https:\/\/kingarms.ee\/lv\/wp-json\/wp\/v2\/product_brand?post=137403"},{"taxonomy":"product_cat","embeddable":true,"href":"https:\/\/kingarms.ee\/lv\/wp-json\/wp\/v2\/product_cat?post=137403"},{"taxonomy":"product_tag","embeddable":true,"href":"https:\/\/kingarms.ee\/lv\/wp-json\/wp\/v2\/product_tag?post=137403"}],"curies":[{"name":"wp","href":"https:\/\/api.w.org\/{rel}","templated":true}]}}