{"id":137440,"date":"2023-03-09T19:47:49","date_gmt":"2024-11-13T11:53:50","guid":{"rendered":"https:\/\/kingarms.ee\/product\/t4e-sport-pab-68-cal-500-gab-apelsins\/"},"modified":"2024-11-13T14:53:50","modified_gmt":"2024-11-13T11:53:50","slug":"t4e-sport-pab-68-cal-500-tk-orange","status":"publish","type":"product","link":"https:\/\/kingarms.ee\/lv\/product\/t4e-sport-pab-68-cal-500-tk-orange\/","title":{"rendered":"T4E Sport PAB, 68 Cal 500 gab. apels\u012bns"},"content":{"rendered":"<p><img loading=\"lazy\" decoding=\"async\" class=\"alignnone size-full wp-image-75733\" src=\"https:\/\/kingarms.ee\/wp-content\/uploads\/2023\/03\/t4e-sport-pab-68-cal-paintballs-500-pcs-orange-69ff133461144e119679beefed92f65d-3f1a7fdb.jpg\" alt=\"\" width=\"900\" height=\"900\" srcset=\"https:\/\/kingarms.ee\/wp-content\/uploads\/2023\/03\/t4e-sport-pab-68-cal-paintballs-500-pcs-orange-69ff133461144e119679beefed92f65d-3f1a7fdb.jpg 900w, https:\/\/kingarms.ee\/wp-content\/uploads\/2023\/03\/t4e-sport-pab-68-cal-paintballs-500-pcs-orange-69ff133461144e119679beefed92f65d-3f1a7fdb-300x300.jpg 300w, https:\/\/kingarms.ee\/wp-content\/uploads\/2023\/03\/t4e-sport-pab-68-cal-paintballs-500-pcs-orange-69ff133461144e119679beefed92f65d-3f1a7fdb-150x150.jpg 150w, https:\/\/kingarms.ee\/wp-content\/uploads\/2023\/03\/t4e-sport-pab-68-cal-paintballs-500-pcs-orange-69ff133461144e119679beefed92f65d-3f1a7fdb-768x768.jpg 768w, https:\/\/kingarms.ee\/wp-content\/uploads\/2023\/03\/t4e-sport-pab-68-cal-paintballs-500-pcs-orange-69ff133461144e119679beefed92f65d-3f1a7fdb-500x500.jpg 500w\" sizes=\"auto, (max-width: 900px) 100vw, 900px\" \/><\/p>\n","protected":false},"excerpt":{"rendered":"<p>T4E Sport Pab peintbols Cal. .68 500 apels\u012bns ir klasiskas peintbumbas, kas paredz\u0113tas apm\u0101c\u012bbai un izklaid\u0113\u0161anai ar RAM mar\u0137ieriem. <\/p>\n","protected":false},"featured_media":131958,"template":"","meta":{"_acf_changed":false},"product_brand":[],"product_cat":[1049],"product_tag":[],"class_list":{"0":"post-137440","1":"product","2":"type-product","3":"status-publish","4":"has-post-thumbnail","6":"product_cat-gumijas-brankasss","8":"first","9":"instock","10":"taxable","11":"shipping-taxable","12":"purchasable","13":"product-type-simple"},"acf":[],"_links":{"self":[{"href":"https:\/\/kingarms.ee\/lv\/wp-json\/wp\/v2\/product\/137440","targetHints":{"allow":["GET"]}}],"collection":[{"href":"https:\/\/kingarms.ee\/lv\/wp-json\/wp\/v2\/product"}],"about":[{"href":"https:\/\/kingarms.ee\/lv\/wp-json\/wp\/v2\/types\/product"}],"wp:featuredmedia":[{"embeddable":true,"href":"https:\/\/kingarms.ee\/lv\/wp-json\/wp\/v2\/media\/131958"}],"wp:attachment":[{"href":"https:\/\/kingarms.ee\/lv\/wp-json\/wp\/v2\/media?parent=137440"}],"wp:term":[{"taxonomy":"product_brand","embeddable":true,"href":"https:\/\/kingarms.ee\/lv\/wp-json\/wp\/v2\/product_brand?post=137440"},{"taxonomy":"product_cat","embeddable":true,"href":"https:\/\/kingarms.ee\/lv\/wp-json\/wp\/v2\/product_cat?post=137440"},{"taxonomy":"product_tag","embeddable":true,"href":"https:\/\/kingarms.ee\/lv\/wp-json\/wp\/v2\/product_tag?post=137440"}],"curies":[{"name":"wp","href":"https:\/\/api.w.org\/{rel}","templated":true}]}}