{"id":137447,"date":"2023-02-20T16:53:32","date_gmt":"2024-11-13T12:22:33","guid":{"rendered":"https:\/\/kingarms.ee\/product\/geometriskais-merkis-wosport\/"},"modified":"2024-11-13T15:22:33","modified_gmt":"2024-11-13T12:22:33","slug":"geometriski-merka-mark-wosport","status":"publish","type":"product","link":"https:\/\/kingarms.ee\/lv\/product\/geometriski-merka-mark-wosport\/","title":{"rendered":"\u0122eometriskais m\u0113r\u0137is (WOSPORT)"},"content":{"rendered":"<p><img loading=\"lazy\" decoding=\"async\" class=\"alignnone size-full wp-image-74829\" src=\"https:\/\/kingarms.ee\/wp-content\/uploads\/2023\/02\/WOTG18.jpg\" alt=\"\" width=\"1000\" height=\"1000\" srcset=\"https:\/\/kingarms.ee\/wp-content\/uploads\/2023\/02\/WOTG18.jpg 1000w, https:\/\/kingarms.ee\/wp-content\/uploads\/2023\/02\/WOTG18-300x300.jpg 300w, https:\/\/kingarms.ee\/wp-content\/uploads\/2023\/02\/WOTG18-150x150.jpg 150w, https:\/\/kingarms.ee\/wp-content\/uploads\/2023\/02\/WOTG18-768x768.jpg 768w, https:\/\/kingarms.ee\/wp-content\/uploads\/2023\/02\/WOTG18-500x500.jpg 500w\" sizes=\"auto, (max-width: 1000px) 100vw, 1000px\" \/><\/p>\n","protected":false},"excerpt":{"rendered":"<p>\u0122eometriskais m\u0113r\u0137is (WOSPORT)<\/p>\n<p>\u0122eometriskais m\u0113r\u0137is<br \/>\nM\u0113r\u0137i krustojas ar katru \u0161\u0101vienu<br \/>\nPamatni var piestiprin\u0101t (skr\u016bves nav iek\u013cautas)<br \/>\nIzm\u0113ri 205mm x 200 mm x 83 mm<br \/>\nSvars 470g<\/p>\n","protected":false},"featured_media":127373,"template":"","meta":{"_acf_changed":false},"product_brand":[],"product_cat":[1063],"product_tag":[],"class_list":{"0":"post-137447","1":"product","2":"type-product","3":"status-publish","4":"has-post-thumbnail","6":"product_cat-merki","8":"first","9":"instock","10":"taxable","11":"shipping-taxable","12":"purchasable","13":"product-type-simple"},"acf":[],"_links":{"self":[{"href":"https:\/\/kingarms.ee\/lv\/wp-json\/wp\/v2\/product\/137447","targetHints":{"allow":["GET"]}}],"collection":[{"href":"https:\/\/kingarms.ee\/lv\/wp-json\/wp\/v2\/product"}],"about":[{"href":"https:\/\/kingarms.ee\/lv\/wp-json\/wp\/v2\/types\/product"}],"wp:featuredmedia":[{"embeddable":true,"href":"https:\/\/kingarms.ee\/lv\/wp-json\/wp\/v2\/media\/127373"}],"wp:attachment":[{"href":"https:\/\/kingarms.ee\/lv\/wp-json\/wp\/v2\/media?parent=137447"}],"wp:term":[{"taxonomy":"product_brand","embeddable":true,"href":"https:\/\/kingarms.ee\/lv\/wp-json\/wp\/v2\/product_brand?post=137447"},{"taxonomy":"product_cat","embeddable":true,"href":"https:\/\/kingarms.ee\/lv\/wp-json\/wp\/v2\/product_cat?post=137447"},{"taxonomy":"product_tag","embeddable":true,"href":"https:\/\/kingarms.ee\/lv\/wp-json\/wp\/v2\/product_tag?post=137447"}],"curies":[{"name":"wp","href":"https:\/\/api.w.org\/{rel}","templated":true}]}}