{"id":137451,"date":"2023-01-19T19:04:08","date_gmt":"2024-11-13T12:55:29","guid":{"rendered":"https:\/\/kingarms.ee\/product\/automasinas-ladetajs-ar-micro-usb-kabeli-guardian-engelis\/"},"modified":"2024-11-13T15:55:29","modified_gmt":"2024-11-13T12:55:29","slug":"automasinu-ladetajs-mikro-usb-kabine-giangel-angel","status":"publish","type":"product","link":"https:\/\/kingarms.ee\/lv\/product\/automasinu-ladetajs-mikro-usb-kabine-giangel-angel\/","title":{"rendered":"Automa\u0161\u012bnas l\u0101d\u0113t\u0101js ar Micro USB kabeli (Guardian E\u0146\u0123elis)"},"content":{"rendered":"<p><img loading=\"lazy\" decoding=\"async\" class=\"alignnone size-full wp-image-73921\" src=\"https:\/\/kingarms.ee\/wp-content\/uploads\/2023\/01\/usb_charger_dual_ga_logo-1000x1000-1.jpg\" alt=\"\" width=\"1000\" height=\"1000\" srcset=\"https:\/\/kingarms.ee\/wp-content\/uploads\/2023\/01\/usb_charger_dual_ga_logo-1000x1000-1.jpg 1000w, https:\/\/kingarms.ee\/wp-content\/uploads\/2023\/01\/usb_charger_dual_ga_logo-1000x1000-1-300x300.jpg 300w, https:\/\/kingarms.ee\/wp-content\/uploads\/2023\/01\/usb_charger_dual_ga_logo-1000x1000-1-150x150.jpg 150w, https:\/\/kingarms.ee\/wp-content\/uploads\/2023\/01\/usb_charger_dual_ga_logo-1000x1000-1-768x768.jpg 768w, https:\/\/kingarms.ee\/wp-content\/uploads\/2023\/01\/usb_charger_dual_ga_logo-1000x1000-1-500x500.jpg 500w\" sizes=\"auto, (max-width: 1000px) 100vw, 1000px\" \/><\/p>\n","protected":false},"excerpt":{"rendered":"<p>Divu USB automa\u0161\u012bnas l\u0101d\u0113t\u0101js ir savienots ar jebkuru transportl\u012bdzekli, lai to iel\u0101d\u0113tu kust\u012bb\u0101. N\u0101k ar mikro mikro USB l\u0101d\u0113\u0161anas kabeli. <\/p>\n","protected":false},"featured_media":126987,"template":"","meta":{"_acf_changed":false},"product_brand":[],"product_cat":[1019],"product_tag":[],"class_list":{"0":"post-137451","1":"product","2":"type-product","3":"status-publish","4":"has-post-thumbnail","6":"product_cat-policija-militaristi","8":"first","9":"onbackorder","10":"taxable","11":"shipping-taxable","12":"product-type-simple"},"acf":[],"_links":{"self":[{"href":"https:\/\/kingarms.ee\/lv\/wp-json\/wp\/v2\/product\/137451","targetHints":{"allow":["GET"]}}],"collection":[{"href":"https:\/\/kingarms.ee\/lv\/wp-json\/wp\/v2\/product"}],"about":[{"href":"https:\/\/kingarms.ee\/lv\/wp-json\/wp\/v2\/types\/product"}],"wp:featuredmedia":[{"embeddable":true,"href":"https:\/\/kingarms.ee\/lv\/wp-json\/wp\/v2\/media\/126987"}],"wp:attachment":[{"href":"https:\/\/kingarms.ee\/lv\/wp-json\/wp\/v2\/media?parent=137451"}],"wp:term":[{"taxonomy":"product_brand","embeddable":true,"href":"https:\/\/kingarms.ee\/lv\/wp-json\/wp\/v2\/product_brand?post=137451"},{"taxonomy":"product_cat","embeddable":true,"href":"https:\/\/kingarms.ee\/lv\/wp-json\/wp\/v2\/product_cat?post=137451"},{"taxonomy":"product_tag","embeddable":true,"href":"https:\/\/kingarms.ee\/lv\/wp-json\/wp\/v2\/product_tag?post=137451"}],"curies":[{"name":"wp","href":"https:\/\/api.w.org\/{rel}","templated":true}]}}