{"id":137454,"date":"2023-01-18T18:23:04","date_gmt":"2024-11-13T13:50:18","guid":{"rendered":"https:\/\/kingarms.ee\/product\/magnetiskas-siksnas-stiprinajums-iss-sargengelis\/"},"modified":"2024-11-13T16:50:18","modified_gmt":"2024-11-13T13:50:18","slug":"magnetiska-siksnu-kalna-piegajejs","status":"publish","type":"product","link":"https:\/\/kingarms.ee\/lv\/product\/magnetiska-siksnu-kalna-piegajejs\/","title":{"rendered":"Magn\u0113tisk\u0101s siksnas stiprin\u0101jums &#8211; \u012bss (sarge\u0146\u0123elis)"},"content":{"rendered":"<p><img loading=\"lazy\" decoding=\"async\" class=\"alignnone size-full wp-image-73536\" src=\"https:\/\/kingarms.ee\/wp-content\/uploads\/2023\/01\/15675__016877_b.jpg\" alt=\"\" width=\"844\" height=\"1000\" srcset=\"https:\/\/kingarms.ee\/wp-content\/uploads\/2023\/01\/15675__016877_b.jpg 844w, https:\/\/kingarms.ee\/wp-content\/uploads\/2023\/01\/15675__016877_b-253x300.jpg 253w, https:\/\/kingarms.ee\/wp-content\/uploads\/2023\/01\/15675__016877_b-768x910.jpg 768w, https:\/\/kingarms.ee\/wp-content\/uploads\/2023\/01\/15675__016877_b-500x592.jpg 500w, https:\/\/kingarms.ee\/wp-content\/uploads\/2023\/01\/15675__016877_b-150x178.jpg 150w\" sizes=\"auto, (max-width: 844px) 100vw, 844px\" \/><\/p>\n","protected":false},"excerpt":{"rendered":"<p>Dro\u0161i apstiprina jebkuru ier\u012bci, izmantojot ieb\u016bv\u0113to neodmisko retzemju met\u0101lu magn\u0113tu<br \/>\n\u0100tri izdal\u012bts magn\u0113tiskais labojums<br \/>\nM\u012bksts, k\u0101 stiprs neopr\u0113na materi\u0101ls<br \/>\nPiel\u0101gojams Velcro apstiprin\u0101jums<br \/>\nPievienojiet jebkuru Guardian Angel ier\u012bci, lai izveidotu LED aproces dro\u0161\u012bbu<br \/>\nSavietojams gan ar elites, gan mikro ier\u012bc\u0113m<\/p>\n","protected":false},"featured_media":132071,"template":"","meta":{"_acf_changed":false},"product_brand":[],"product_cat":[1019],"product_tag":[],"class_list":{"0":"post-137454","1":"product","2":"type-product","3":"status-publish","4":"has-post-thumbnail","6":"product_cat-policija-militaristi","8":"first","9":"instock","10":"taxable","11":"shipping-taxable","12":"purchasable","13":"product-type-simple"},"acf":[],"_links":{"self":[{"href":"https:\/\/kingarms.ee\/lv\/wp-json\/wp\/v2\/product\/137454","targetHints":{"allow":["GET"]}}],"collection":[{"href":"https:\/\/kingarms.ee\/lv\/wp-json\/wp\/v2\/product"}],"about":[{"href":"https:\/\/kingarms.ee\/lv\/wp-json\/wp\/v2\/types\/product"}],"wp:featuredmedia":[{"embeddable":true,"href":"https:\/\/kingarms.ee\/lv\/wp-json\/wp\/v2\/media\/132071"}],"wp:attachment":[{"href":"https:\/\/kingarms.ee\/lv\/wp-json\/wp\/v2\/media?parent=137454"}],"wp:term":[{"taxonomy":"product_brand","embeddable":true,"href":"https:\/\/kingarms.ee\/lv\/wp-json\/wp\/v2\/product_brand?post=137454"},{"taxonomy":"product_cat","embeddable":true,"href":"https:\/\/kingarms.ee\/lv\/wp-json\/wp\/v2\/product_cat?post=137454"},{"taxonomy":"product_tag","embeddable":true,"href":"https:\/\/kingarms.ee\/lv\/wp-json\/wp\/v2\/product_tag?post=137454"}],"curies":[{"name":"wp","href":"https:\/\/api.w.org\/{rel}","templated":true}]}}