{"id":137462,"date":"2023-01-18T16:49:55","date_gmt":"2024-11-15T08:14:16","guid":{"rendered":"https:\/\/kingarms.ee\/product\/ierices-apstiprinajums-gars-guardian-engelis\/"},"modified":"2024-11-15T11:14:16","modified_gmt":"2024-11-15T08:14:16","slug":"ierices-kontrolejosais-pikkk-gygel-angel","status":"publish","type":"product","link":"https:\/\/kingarms.ee\/lv\/product\/ierices-kontrolejosais-pikkk-gygel-angel\/","title":{"rendered":"Ier\u012bces apstiprin\u0101jums &#8211; gar\u0161 (Guardian E\u0146\u0123elis)"},"content":{"rendered":"<p><img loading=\"lazy\" decoding=\"async\" class=\"alignnone size-full wp-image-73377\" src=\"https:\/\/kingarms.ee\/wp-content\/uploads\/2023\/01\/15672__a13459.webp\" alt=\"\" width=\"2400\" height=\"1600\" srcset=\"https:\/\/kingarms.ee\/wp-content\/uploads\/2023\/01\/15672__a13459.webp 2400w, https:\/\/kingarms.ee\/wp-content\/uploads\/2023\/01\/15672__a13459-300x200.webp 300w, https:\/\/kingarms.ee\/wp-content\/uploads\/2023\/01\/15672__a13459-1024x683.webp 1024w, https:\/\/kingarms.ee\/wp-content\/uploads\/2023\/01\/15672__a13459-768x512.webp 768w, https:\/\/kingarms.ee\/wp-content\/uploads\/2023\/01\/15672__a13459-1536x1024.webp 1536w, https:\/\/kingarms.ee\/wp-content\/uploads\/2023\/01\/15672__a13459-2048x1365.webp 2048w, https:\/\/kingarms.ee\/wp-content\/uploads\/2023\/01\/15672__a13459-500x333.webp 500w, https:\/\/kingarms.ee\/wp-content\/uploads\/2023\/01\/15672__a13459-150x100.webp 150w\" sizes=\"auto, (max-width: 2400px) 100vw, 2400px\" \/><\/p>\n","protected":false},"excerpt":{"rendered":"<p>Nekad vairs neuztraucieties par savu ier\u012bci<br \/>\nAtvienot<br \/>\nKarab\u012bns un stieples sl\u0113dzene<br \/>\nPiel\u0101gojams garums (izmantojiet abas da\u013cas vai vienu)<br \/>\nPievienojiet kreklu, velosip\u0113du vai kaut ko citu<br \/>\nVis\u0101m jaunaj\u0101m elites un mikro s\u0113riju ier\u012bc\u0113m ir stiprin\u0101juma siksna.<\/p>\n","protected":false},"featured_media":126753,"template":"","meta":{"_acf_changed":false},"product_brand":[],"product_cat":[1019],"product_tag":[],"class_list":{"0":"post-137462","1":"product","2":"type-product","3":"status-publish","4":"has-post-thumbnail","6":"product_cat-policija-militaristi","8":"first","9":"instock","10":"taxable","11":"shipping-taxable","12":"purchasable","13":"product-type-simple"},"acf":[],"_links":{"self":[{"href":"https:\/\/kingarms.ee\/lv\/wp-json\/wp\/v2\/product\/137462","targetHints":{"allow":["GET"]}}],"collection":[{"href":"https:\/\/kingarms.ee\/lv\/wp-json\/wp\/v2\/product"}],"about":[{"href":"https:\/\/kingarms.ee\/lv\/wp-json\/wp\/v2\/types\/product"}],"wp:featuredmedia":[{"embeddable":true,"href":"https:\/\/kingarms.ee\/lv\/wp-json\/wp\/v2\/media\/126753"}],"wp:attachment":[{"href":"https:\/\/kingarms.ee\/lv\/wp-json\/wp\/v2\/media?parent=137462"}],"wp:term":[{"taxonomy":"product_brand","embeddable":true,"href":"https:\/\/kingarms.ee\/lv\/wp-json\/wp\/v2\/product_brand?post=137462"},{"taxonomy":"product_cat","embeddable":true,"href":"https:\/\/kingarms.ee\/lv\/wp-json\/wp\/v2\/product_cat?post=137462"},{"taxonomy":"product_tag","embeddable":true,"href":"https:\/\/kingarms.ee\/lv\/wp-json\/wp\/v2\/product_tag?post=137462"}],"curies":[{"name":"wp","href":"https:\/\/api.w.org\/{rel}","templated":true}]}}