{"id":137464,"date":"2023-01-16T19:27:04","date_gmt":"2024-11-15T08:18:25","guid":{"rendered":"https:\/\/kingarms.ee\/product\/karabinera-kruze-m-tac\/"},"modified":"2024-11-15T11:18:25","modified_gmt":"2024-11-15T08:18:25","slug":"carabin-cruise-m-tac","status":"publish","type":"product","link":"https:\/\/kingarms.ee\/lv\/product\/carabin-cruise-m-tac\/","title":{"rendered":"Karabinera kr\u016bze (M-TAC)"},"content":{"rendered":"<p><img loading=\"lazy\" decoding=\"async\" class=\"alignnone size-full wp-image-73255\" src=\"https:\/\/kingarms.ee\/wp-content\/uploads\/2023\/01\/60010012-1.jpeg\" alt=\"\" width=\"600\" height=\"600\" srcset=\"https:\/\/kingarms.ee\/wp-content\/uploads\/2023\/01\/60010012-1.jpeg 600w, https:\/\/kingarms.ee\/wp-content\/uploads\/2023\/01\/60010012-1-300x300.jpeg 300w, https:\/\/kingarms.ee\/wp-content\/uploads\/2023\/01\/60010012-1-150x150.jpeg 150w, https:\/\/kingarms.ee\/wp-content\/uploads\/2023\/01\/60010012-1-500x500.jpeg 500w\" sizes=\"auto, (max-width: 600px) 100vw, 600px\" \/><\/p>\n","protected":false},"excerpt":{"rendered":"<p>M-TAC 250 ml ner\u016bs\u0113jo\u0161\u0101 t\u0113rauda karab\u012bns. Roktura viet\u0101 ir izmantots karab\u012bns. Skr\u016bvju tipa karab\u012bns.  <\/p>\n","protected":false},"featured_media":126741,"template":"","meta":{"_acf_changed":false},"product_brand":[],"product_cat":[1119],"product_tag":[],"class_list":{"0":"post-137464","1":"product","2":"type-product","3":"status-publish","4":"has-post-thumbnail","6":"product_cat-celojumu-preces","8":"first","9":"instock","10":"taxable","11":"shipping-taxable","12":"purchasable","13":"product-type-simple"},"acf":[],"_links":{"self":[{"href":"https:\/\/kingarms.ee\/lv\/wp-json\/wp\/v2\/product\/137464","targetHints":{"allow":["GET"]}}],"collection":[{"href":"https:\/\/kingarms.ee\/lv\/wp-json\/wp\/v2\/product"}],"about":[{"href":"https:\/\/kingarms.ee\/lv\/wp-json\/wp\/v2\/types\/product"}],"wp:featuredmedia":[{"embeddable":true,"href":"https:\/\/kingarms.ee\/lv\/wp-json\/wp\/v2\/media\/126741"}],"wp:attachment":[{"href":"https:\/\/kingarms.ee\/lv\/wp-json\/wp\/v2\/media?parent=137464"}],"wp:term":[{"taxonomy":"product_brand","embeddable":true,"href":"https:\/\/kingarms.ee\/lv\/wp-json\/wp\/v2\/product_brand?post=137464"},{"taxonomy":"product_cat","embeddable":true,"href":"https:\/\/kingarms.ee\/lv\/wp-json\/wp\/v2\/product_cat?post=137464"},{"taxonomy":"product_tag","embeddable":true,"href":"https:\/\/kingarms.ee\/lv\/wp-json\/wp\/v2\/product_tag?post=137464"}],"curies":[{"name":"wp","href":"https:\/\/api.w.org\/{rel}","templated":true}]}}