{"id":137479,"date":"2023-01-13T19:09:02","date_gmt":"2024-11-15T09:17:34","guid":{"rendered":"https:\/\/kingarms.ee\/product\/emblema-ukraina-cinas-80x50-mm-m-tac\/"},"modified":"2024-11-15T12:17:34","modified_gmt":"2024-11-15T09:17:34","slug":"emblem-ukraine-vit-80x50-mm-m-tac","status":"publish","type":"product","link":"https:\/\/kingarms.ee\/lv\/product\/emblem-ukraine-vit-80x50-mm-m-tac\/","title":{"rendered":"Embl\u0113ma Ukrain\u0101 c\u012bn\u0101s 80&#215;50 mm (M-TAC)"},"content":{"rendered":"<p><img loading=\"lazy\" decoding=\"async\" class=\"alignnone size-full wp-image-72977\" src=\"https:\/\/kingarms.ee\/wp-content\/uploads\/2023\/01\/51331000-1.jpeg\" alt=\"\" width=\"1000\" height=\"1000\" srcset=\"https:\/\/kingarms.ee\/wp-content\/uploads\/2023\/01\/51331000-1.jpeg 1000w, https:\/\/kingarms.ee\/wp-content\/uploads\/2023\/01\/51331000-1-300x300.jpeg 300w, https:\/\/kingarms.ee\/wp-content\/uploads\/2023\/01\/51331000-1-150x150.jpeg 150w, https:\/\/kingarms.ee\/wp-content\/uploads\/2023\/01\/51331000-1-768x768.jpeg 768w, https:\/\/kingarms.ee\/wp-content\/uploads\/2023\/01\/51331000-1-500x500.jpeg 500w\" sizes=\"auto, (max-width: 1000px) 100vw, 1000px\" \/><\/p>\n","protected":false},"excerpt":{"rendered":"<p><strong>Embl\u0113ma Ukrain\u0101 c\u012bn\u0101s 80&#215;50 mm<\/strong><\/p>\n","protected":false},"featured_media":126683,"template":"","meta":{"_acf_changed":false},"product_brand":[],"product_cat":[1094],"product_tag":[],"class_list":{"0":"post-137479","1":"product","2":"type-product","3":"status-publish","4":"has-post-thumbnail","6":"product_cat-plaksteri","8":"first","9":"instock","10":"taxable","11":"shipping-taxable","12":"purchasable","13":"product-type-simple"},"acf":[],"_links":{"self":[{"href":"https:\/\/kingarms.ee\/lv\/wp-json\/wp\/v2\/product\/137479","targetHints":{"allow":["GET"]}}],"collection":[{"href":"https:\/\/kingarms.ee\/lv\/wp-json\/wp\/v2\/product"}],"about":[{"href":"https:\/\/kingarms.ee\/lv\/wp-json\/wp\/v2\/types\/product"}],"wp:featuredmedia":[{"embeddable":true,"href":"https:\/\/kingarms.ee\/lv\/wp-json\/wp\/v2\/media\/126683"}],"wp:attachment":[{"href":"https:\/\/kingarms.ee\/lv\/wp-json\/wp\/v2\/media?parent=137479"}],"wp:term":[{"taxonomy":"product_brand","embeddable":true,"href":"https:\/\/kingarms.ee\/lv\/wp-json\/wp\/v2\/product_brand?post=137479"},{"taxonomy":"product_cat","embeddable":true,"href":"https:\/\/kingarms.ee\/lv\/wp-json\/wp\/v2\/product_cat?post=137479"},{"taxonomy":"product_tag","embeddable":true,"href":"https:\/\/kingarms.ee\/lv\/wp-json\/wp\/v2\/product_tag?post=137479"}],"curies":[{"name":"wp","href":"https:\/\/api.w.org\/{rel}","templated":true}]}}