{"id":137496,"date":"2023-01-12T14:31:47","date_gmt":"2024-11-15T10:13:24","guid":{"rendered":"https:\/\/kingarms.ee\/product\/dekorativa-katana-zs507-1\/"},"modified":"2024-11-15T13:13:24","modified_gmt":"2024-11-15T10:13:24","slug":"dekorativa-catana-9","status":"publish","type":"product","link":"https:\/\/kingarms.ee\/lv\/product\/dekorativa-catana-9\/","title":{"rendered":"Dekorat\u012bv\u0101 katana (ZS507-1)"},"content":{"rendered":"<p><img loading=\"lazy\" decoding=\"async\" class=\"alignnone size-full wp-image-72543\" src=\"https:\/\/kingarms.ee\/wp-content\/uploads\/2023\/01\/katana-ornamentale-zs507-1.jpg\" alt=\"\" width=\"1000\" height=\"1000\" srcset=\"https:\/\/kingarms.ee\/wp-content\/uploads\/2023\/01\/katana-ornamentale-zs507-1.jpg 1000w, https:\/\/kingarms.ee\/wp-content\/uploads\/2023\/01\/katana-ornamentale-zs507-1-300x300.jpg 300w, https:\/\/kingarms.ee\/wp-content\/uploads\/2023\/01\/katana-ornamentale-zs507-1-150x150.jpg 150w, https:\/\/kingarms.ee\/wp-content\/uploads\/2023\/01\/katana-ornamentale-zs507-1-768x768.jpg 768w, https:\/\/kingarms.ee\/wp-content\/uploads\/2023\/01\/katana-ornamentale-zs507-1-500x500.jpg 500w\" sizes=\"auto, (max-width: 1000px) 100vw, 1000px\" \/><\/p>\n","protected":false},"excerpt":{"rendered":"<p>Dekorat\u012bv\u0101 katana<br \/>\nInspunced Kenpach Zaraki Katana<br \/>\nBalin\u0101t\u0101ja anime s\u0113rija<br \/>\nT\u0113rauds<br \/>\nKoka un rokturis<br \/>\nMet\u0101la tsuba<br \/>\nKop\u0113jais garums 1040 mm (1110 mm ar sals)<br \/>\nAsmens garums 680mm<br \/>\nTsuka garums 280mm<br \/>\nSvars 690G (960 g ar \u0137\u0113d\u0113m)<\/p>\n","protected":false},"featured_media":126543,"template":"","meta":{"_acf_changed":false},"product_brand":[],"product_cat":[1127],"product_tag":[],"class_list":{"0":"post-137496","1":"product","2":"type-product","3":"status-publish","4":"has-post-thumbnail","6":"product_cat-katana-tanto","8":"first","9":"instock","10":"taxable","11":"shipping-taxable","12":"purchasable","13":"product-type-simple"},"acf":[],"_links":{"self":[{"href":"https:\/\/kingarms.ee\/lv\/wp-json\/wp\/v2\/product\/137496","targetHints":{"allow":["GET"]}}],"collection":[{"href":"https:\/\/kingarms.ee\/lv\/wp-json\/wp\/v2\/product"}],"about":[{"href":"https:\/\/kingarms.ee\/lv\/wp-json\/wp\/v2\/types\/product"}],"wp:featuredmedia":[{"embeddable":true,"href":"https:\/\/kingarms.ee\/lv\/wp-json\/wp\/v2\/media\/126543"}],"wp:attachment":[{"href":"https:\/\/kingarms.ee\/lv\/wp-json\/wp\/v2\/media?parent=137496"}],"wp:term":[{"taxonomy":"product_brand","embeddable":true,"href":"https:\/\/kingarms.ee\/lv\/wp-json\/wp\/v2\/product_brand?post=137496"},{"taxonomy":"product_cat","embeddable":true,"href":"https:\/\/kingarms.ee\/lv\/wp-json\/wp\/v2\/product_cat?post=137496"},{"taxonomy":"product_tag","embeddable":true,"href":"https:\/\/kingarms.ee\/lv\/wp-json\/wp\/v2\/product_tag?post=137496"}],"curies":[{"name":"wp","href":"https:\/\/api.w.org\/{rel}","templated":true}]}}