{"id":137503,"date":"2023-01-12T13:57:43","date_gmt":"2024-11-15T10:22:49","guid":{"rendered":"https:\/\/kingarms.ee\/product\/dekorativa-katana-zs520\/"},"modified":"2024-11-15T13:22:49","modified_gmt":"2024-11-15T10:22:49","slug":"dekorativa-catana-5","status":"publish","type":"product","link":"https:\/\/kingarms.ee\/lv\/product\/dekorativa-catana-5\/","title":{"rendered":"Dekorat\u012bv\u0101 katana (ZS520)"},"content":{"rendered":"<p><img loading=\"lazy\" decoding=\"async\" class=\"alignnone size-full wp-image-72489\" src=\"https:\/\/kingarms.ee\/wp-content\/uploads\/2023\/01\/katana-ornamentale-zs520.jpg\" alt=\"\" width=\"1000\" height=\"1000\" srcset=\"https:\/\/kingarms.ee\/wp-content\/uploads\/2023\/01\/katana-ornamentale-zs520.jpg 1000w, https:\/\/kingarms.ee\/wp-content\/uploads\/2023\/01\/katana-ornamentale-zs520-300x300.jpg 300w, https:\/\/kingarms.ee\/wp-content\/uploads\/2023\/01\/katana-ornamentale-zs520-150x150.jpg 150w, https:\/\/kingarms.ee\/wp-content\/uploads\/2023\/01\/katana-ornamentale-zs520-768x768.jpg 768w, https:\/\/kingarms.ee\/wp-content\/uploads\/2023\/01\/katana-ornamentale-zs520-500x500.jpg 500w\" sizes=\"auto, (max-width: 1000px) 100vw, 1000px\" \/><\/p>\n","protected":false},"excerpt":{"rendered":"<p>Dekorat\u012bv\u0101 katana<br \/>\nInspunktation hyorinmaru katanas (Hitsugaya)<br \/>\nBalin\u0101t\u0101ja anime s\u0113rija<br \/>\nT\u0113rauds<br \/>\nMet\u0101la tsuba<br \/>\nKoka roka<br \/>\nKop\u0113jais garums 980 mm (1040 mm ar sals)<br \/>\nAsmens garums 690 mm<br \/>\nSvars 580G (800 g ar \u0137\u0113d\u0113m)<\/p>\n","protected":false},"featured_media":132940,"template":"","meta":{"_acf_changed":false},"product_brand":[],"product_cat":[1127],"product_tag":[],"class_list":{"0":"post-137503","1":"product","2":"type-product","3":"status-publish","4":"has-post-thumbnail","6":"product_cat-katana-tanto","8":"first","9":"instock","10":"taxable","11":"shipping-taxable","12":"purchasable","13":"product-type-simple"},"acf":[],"_links":{"self":[{"href":"https:\/\/kingarms.ee\/lv\/wp-json\/wp\/v2\/product\/137503","targetHints":{"allow":["GET"]}}],"collection":[{"href":"https:\/\/kingarms.ee\/lv\/wp-json\/wp\/v2\/product"}],"about":[{"href":"https:\/\/kingarms.ee\/lv\/wp-json\/wp\/v2\/types\/product"}],"wp:featuredmedia":[{"embeddable":true,"href":"https:\/\/kingarms.ee\/lv\/wp-json\/wp\/v2\/media\/132940"}],"wp:attachment":[{"href":"https:\/\/kingarms.ee\/lv\/wp-json\/wp\/v2\/media?parent=137503"}],"wp:term":[{"taxonomy":"product_brand","embeddable":true,"href":"https:\/\/kingarms.ee\/lv\/wp-json\/wp\/v2\/product_brand?post=137503"},{"taxonomy":"product_cat","embeddable":true,"href":"https:\/\/kingarms.ee\/lv\/wp-json\/wp\/v2\/product_cat?post=137503"},{"taxonomy":"product_tag","embeddable":true,"href":"https:\/\/kingarms.ee\/lv\/wp-json\/wp\/v2\/product_tag?post=137503"}],"curies":[{"name":"wp","href":"https:\/\/api.w.org\/{rel}","templated":true}]}}