{"id":137514,"date":"2023-01-10T12:48:57","date_gmt":"2024-11-15T10:39:24","guid":{"rendered":"https:\/\/kingarms.ee\/product\/ierakstu-nesejs-zals-js-tactical\/"},"modified":"2024-11-15T13:39:24","modified_gmt":"2024-11-15T10:39:24","slug":"prevants-zals-js-taktisks","status":"publish","type":"product","link":"https:\/\/kingarms.ee\/lv\/product\/prevants-zals-js-taktisks\/","title":{"rendered":"Ierakstu nes\u0113js &#8211; za\u013c\u0161 (JS -Tactical)"},"content":{"rendered":"<p><img loading=\"lazy\" decoding=\"async\" class=\"alignnone size-full wp-image-71593\" src=\"https:\/\/kingarms.ee\/wp-content\/uploads\/2023\/01\/js-tactical-tactical-vest-verde-js-1857v.jpg\" alt=\"\" width=\"600\" height=\"600\" srcset=\"https:\/\/kingarms.ee\/wp-content\/uploads\/2023\/01\/js-tactical-tactical-vest-verde-js-1857v.jpg 600w, https:\/\/kingarms.ee\/wp-content\/uploads\/2023\/01\/js-tactical-tactical-vest-verde-js-1857v-300x300.jpg 300w, https:\/\/kingarms.ee\/wp-content\/uploads\/2023\/01\/js-tactical-tactical-vest-verde-js-1857v-150x150.jpg 150w, https:\/\/kingarms.ee\/wp-content\/uploads\/2023\/01\/js-tactical-tactical-vest-verde-js-1857v-500x500.jpg 500w\" sizes=\"auto, (max-width: 600px) 100vw, 600px\" \/><\/p>\n","protected":false},"excerpt":{"rendered":"<p>Ierakstu nes\u0113js &#8211; za\u013c\u0161 (JS -Tactical)<br \/>\nInterjers ar elpojo\u0161u materi\u0101lu<br \/>\nPagaid\u0101m un nodro\u0161ina pl\u0101k\u0161\u0146u draudus<br \/>\n3 \u017eurn\u0101la kabatas priek\u0161\u0101<br \/>\nVeiktsp\u0113ja un pavasara sist\u0113mas nodro\u0161in\u0101\u0161ana<br \/>\nVelcro priek\u0161\u0101<br \/>\nViena izm\u0113ra regul\u0113\u0161ana Velcro<\/p>\n","protected":false},"featured_media":134378,"template":"","meta":{"_acf_changed":false},"product_brand":[],"product_cat":[1093],"product_tag":[],"class_list":{"0":"post-137514","1":"product","2":"type-product","3":"status-publish","4":"has-post-thumbnail","6":"product_cat-vestes-un-zirglietas","8":"first","9":"instock","10":"taxable","11":"shipping-taxable","12":"purchasable","13":"product-type-simple"},"acf":[],"_links":{"self":[{"href":"https:\/\/kingarms.ee\/lv\/wp-json\/wp\/v2\/product\/137514","targetHints":{"allow":["GET"]}}],"collection":[{"href":"https:\/\/kingarms.ee\/lv\/wp-json\/wp\/v2\/product"}],"about":[{"href":"https:\/\/kingarms.ee\/lv\/wp-json\/wp\/v2\/types\/product"}],"wp:featuredmedia":[{"embeddable":true,"href":"https:\/\/kingarms.ee\/lv\/wp-json\/wp\/v2\/media\/134378"}],"wp:attachment":[{"href":"https:\/\/kingarms.ee\/lv\/wp-json\/wp\/v2\/media?parent=137514"}],"wp:term":[{"taxonomy":"product_brand","embeddable":true,"href":"https:\/\/kingarms.ee\/lv\/wp-json\/wp\/v2\/product_brand?post=137514"},{"taxonomy":"product_cat","embeddable":true,"href":"https:\/\/kingarms.ee\/lv\/wp-json\/wp\/v2\/product_cat?post=137514"},{"taxonomy":"product_tag","embeddable":true,"href":"https:\/\/kingarms.ee\/lv\/wp-json\/wp\/v2\/product_tag?post=137514"}],"curies":[{"name":"wp","href":"https:\/\/api.w.org\/{rel}","templated":true}]}}