{"id":137516,"date":"2023-01-09T18:58:01","date_gmt":"2024-11-15T10:51:11","guid":{"rendered":"https:\/\/kingarms.ee\/product\/nakts-noverosanas-kiveres-stiprinajums\/"},"modified":"2024-11-15T13:51:11","modified_gmt":"2024-11-15T10:51:11","slug":"caurumu-kavetaja-stiprinajums","status":"publish","type":"product","link":"https:\/\/kingarms.ee\/lv\/product\/caurumu-kavetaja-stiprinajums\/","title":{"rendered":"Nakts nov\u0113ro\u0161anas \u0137iveres stiprin\u0101jums"},"content":{"rendered":"<p><img loading=\"lazy\" decoding=\"async\" class=\"alignnone size-full wp-image-71518\" src=\"https:\/\/kingarms.ee\/wp-content\/uploads\/2023\/01\/emersongear-supporto-visore-per-elmetto-nero-em3281.jpg\" alt=\"\" width=\"600\" height=\"600\" srcset=\"https:\/\/kingarms.ee\/wp-content\/uploads\/2023\/01\/emersongear-supporto-visore-per-elmetto-nero-em3281.jpg 600w, https:\/\/kingarms.ee\/wp-content\/uploads\/2023\/01\/emersongear-supporto-visore-per-elmetto-nero-em3281-300x300.jpg 300w, https:\/\/kingarms.ee\/wp-content\/uploads\/2023\/01\/emersongear-supporto-visore-per-elmetto-nero-em3281-150x150.jpg 150w, https:\/\/kingarms.ee\/wp-content\/uploads\/2023\/01\/emersongear-supporto-visore-per-elmetto-nero-em3281-500x500.jpg 500w\" sizes=\"auto, (max-width: 600px) 100vw, 600px\" \/><\/p>\n","protected":false},"excerpt":{"rendered":"<p>Nakts nov\u0113ro\u0161anas \u0137iveres stiprin\u0101jums<br \/>\nIzgatavots no met\u0101la<br \/>\nPiel\u0101gojams sl\u012bpums un skata att\u0101lums<br \/>\nSvars 150g<br \/>\nKr\u0101sains melns<\/p>\n","protected":false},"featured_media":132282,"template":"","meta":{"_acf_changed":false},"product_brand":[],"product_cat":[1040],"product_tag":[],"class_list":{"0":"post-137516","1":"product","2":"type-product","3":"status-publish","4":"has-post-thumbnail","6":"product_cat-nakts-laika-aprikojums","8":"first","9":"instock","10":"taxable","11":"shipping-taxable","12":"purchasable","13":"product-type-simple"},"acf":[],"_links":{"self":[{"href":"https:\/\/kingarms.ee\/lv\/wp-json\/wp\/v2\/product\/137516","targetHints":{"allow":["GET"]}}],"collection":[{"href":"https:\/\/kingarms.ee\/lv\/wp-json\/wp\/v2\/product"}],"about":[{"href":"https:\/\/kingarms.ee\/lv\/wp-json\/wp\/v2\/types\/product"}],"wp:featuredmedia":[{"embeddable":true,"href":"https:\/\/kingarms.ee\/lv\/wp-json\/wp\/v2\/media\/132282"}],"wp:attachment":[{"href":"https:\/\/kingarms.ee\/lv\/wp-json\/wp\/v2\/media?parent=137516"}],"wp:term":[{"taxonomy":"product_brand","embeddable":true,"href":"https:\/\/kingarms.ee\/lv\/wp-json\/wp\/v2\/product_brand?post=137516"},{"taxonomy":"product_cat","embeddable":true,"href":"https:\/\/kingarms.ee\/lv\/wp-json\/wp\/v2\/product_cat?post=137516"},{"taxonomy":"product_tag","embeddable":true,"href":"https:\/\/kingarms.ee\/lv\/wp-json\/wp\/v2\/product_tag?post=137516"}],"curies":[{"name":"wp","href":"https:\/\/api.w.org\/{rel}","templated":true}]}}