{"id":137518,"date":"2023-01-09T17:29:44","date_gmt":"2024-11-15T11:02:28","guid":{"rendered":"https:\/\/kingarms.ee\/product\/universal-kabuur-kreisaja-puse-karaliskais\/"},"modified":"2024-11-15T14:02:28","modified_gmt":"2024-11-15T11:02:28","slug":"universal-cabulon-redzes-royal-royal","status":"publish","type":"product","link":"https:\/\/kingarms.ee\/lv\/product\/universal-cabulon-redzes-royal-royal\/","title":{"rendered":"Universal Kabuur kreisaj\u0101 pus\u0113 (karaliskais)"},"content":{"rendered":"<p><img loading=\"lazy\" decoding=\"async\" class=\"alignnone size-full wp-image-71468\" src=\"https:\/\/kingarms.ee\/wp-content\/uploads\/2023\/01\/royal-fondina-universale-per-mancini-nera-rp-1017b.jpg\" alt=\"\" width=\"1000\" height=\"1000\" srcset=\"https:\/\/kingarms.ee\/wp-content\/uploads\/2023\/01\/royal-fondina-universale-per-mancini-nera-rp-1017b.jpg 1000w, https:\/\/kingarms.ee\/wp-content\/uploads\/2023\/01\/royal-fondina-universale-per-mancini-nera-rp-1017b-300x300.jpg 300w, https:\/\/kingarms.ee\/wp-content\/uploads\/2023\/01\/royal-fondina-universale-per-mancini-nera-rp-1017b-150x150.jpg 150w, https:\/\/kingarms.ee\/wp-content\/uploads\/2023\/01\/royal-fondina-universale-per-mancini-nera-rp-1017b-768x768.jpg 768w, https:\/\/kingarms.ee\/wp-content\/uploads\/2023\/01\/royal-fondina-universale-per-mancini-nera-rp-1017b-500x500.jpg 500w\" sizes=\"auto, (max-width: 1000px) 100vw, 1000px\" \/><\/p>\n","protected":false},"excerpt":{"rendered":"<p>Univers\u0101ls kabu<br \/>\nTikai kreis\u0101 roka<br \/>\nMolle sist\u0113mas apstiprin\u0101jums<br \/>\nSl\u0113g\u0161ana ar regul\u0113tu atloku<br \/>\n\u017durn\u0101la kabata atkal ar spalv\u0101m<br \/>\nMelns<\/p>\n","protected":false},"featured_media":132731,"template":"","meta":{"_acf_changed":false},"product_brand":[],"product_cat":[1026],"product_tag":[],"class_list":{"0":"post-137518","1":"product","2":"type-product","3":"status-publish","4":"has-post-thumbnail","6":"product_cat-barkstisti","8":"first","9":"instock","10":"taxable","11":"shipping-taxable","12":"purchasable","13":"product-type-simple"},"acf":[],"_links":{"self":[{"href":"https:\/\/kingarms.ee\/lv\/wp-json\/wp\/v2\/product\/137518","targetHints":{"allow":["GET"]}}],"collection":[{"href":"https:\/\/kingarms.ee\/lv\/wp-json\/wp\/v2\/product"}],"about":[{"href":"https:\/\/kingarms.ee\/lv\/wp-json\/wp\/v2\/types\/product"}],"wp:featuredmedia":[{"embeddable":true,"href":"https:\/\/kingarms.ee\/lv\/wp-json\/wp\/v2\/media\/132731"}],"wp:attachment":[{"href":"https:\/\/kingarms.ee\/lv\/wp-json\/wp\/v2\/media?parent=137518"}],"wp:term":[{"taxonomy":"product_brand","embeddable":true,"href":"https:\/\/kingarms.ee\/lv\/wp-json\/wp\/v2\/product_brand?post=137518"},{"taxonomy":"product_cat","embeddable":true,"href":"https:\/\/kingarms.ee\/lv\/wp-json\/wp\/v2\/product_cat?post=137518"},{"taxonomy":"product_tag","embeddable":true,"href":"https:\/\/kingarms.ee\/lv\/wp-json\/wp\/v2\/product_tag?post=137518"}],"curies":[{"name":"wp","href":"https:\/\/api.w.org\/{rel}","templated":true}]}}