{"id":137521,"date":"2023-01-09T16:54:01","date_gmt":"2024-11-15T11:06:39","guid":{"rendered":"https:\/\/kingarms.ee\/product\/pocket-plus-karaliskais\/"},"modified":"2024-11-15T14:06:39","modified_gmt":"2024-11-15T11:06:39","slug":"plus-royal","status":"publish","type":"product","link":"https:\/\/kingarms.ee\/lv\/product\/plus-royal\/","title":{"rendered":"Pocket Plus (karaliskais)"},"content":{"rendered":"<p><img loading=\"lazy\" decoding=\"async\" class=\"alignnone size-full wp-image-71451\" src=\"https:\/\/kingarms.ee\/wp-content\/uploads\/2023\/01\/tasca-rp-6591-tan.jpg\" alt=\"\" width=\"1000\" height=\"1000\" srcset=\"https:\/\/kingarms.ee\/wp-content\/uploads\/2023\/01\/tasca-rp-6591-tan.jpg 1000w, https:\/\/kingarms.ee\/wp-content\/uploads\/2023\/01\/tasca-rp-6591-tan-300x300.jpg 300w, https:\/\/kingarms.ee\/wp-content\/uploads\/2023\/01\/tasca-rp-6591-tan-150x150.jpg 150w, https:\/\/kingarms.ee\/wp-content\/uploads\/2023\/01\/tasca-rp-6591-tan-768x768.jpg 768w, https:\/\/kingarms.ee\/wp-content\/uploads\/2023\/01\/tasca-rp-6591-tan-500x500.jpg 500w\" sizes=\"auto, (max-width: 1000px) 100vw, 1000px\" \/><\/p>\n","protected":false},"excerpt":{"rendered":"<p>Pocket Royal Plus<br \/>\nVid\u0113j\u0101 vertik\u0101l\u0101 kabata<br \/>\nPavasara \u0101\u0137u sist\u0113ma<br \/>\nV\u0101rtu aizv\u0113r\u0161ana<\/p>\n","protected":false},"featured_media":132735,"template":"","meta":{"_acf_changed":false},"product_brand":[],"product_cat":[1104,1098],"product_tag":[],"class_list":{"0":"post-137521","1":"product","2":"type-product","3":"status-publish","4":"has-post-thumbnail","6":"product_cat-kabatas","7":"product_cat-maisini-somas-un-siksnas","9":"first","10":"instock","11":"taxable","12":"shipping-taxable","13":"purchasable","14":"product-type-simple"},"acf":[],"_links":{"self":[{"href":"https:\/\/kingarms.ee\/lv\/wp-json\/wp\/v2\/product\/137521","targetHints":{"allow":["GET"]}}],"collection":[{"href":"https:\/\/kingarms.ee\/lv\/wp-json\/wp\/v2\/product"}],"about":[{"href":"https:\/\/kingarms.ee\/lv\/wp-json\/wp\/v2\/types\/product"}],"wp:featuredmedia":[{"embeddable":true,"href":"https:\/\/kingarms.ee\/lv\/wp-json\/wp\/v2\/media\/132735"}],"wp:attachment":[{"href":"https:\/\/kingarms.ee\/lv\/wp-json\/wp\/v2\/media?parent=137521"}],"wp:term":[{"taxonomy":"product_brand","embeddable":true,"href":"https:\/\/kingarms.ee\/lv\/wp-json\/wp\/v2\/product_brand?post=137521"},{"taxonomy":"product_cat","embeddable":true,"href":"https:\/\/kingarms.ee\/lv\/wp-json\/wp\/v2\/product_cat?post=137521"},{"taxonomy":"product_tag","embeddable":true,"href":"https:\/\/kingarms.ee\/lv\/wp-json\/wp\/v2\/product_tag?post=137521"}],"curies":[{"name":"wp","href":"https:\/\/api.w.org\/{rel}","templated":true}]}}