{"id":137535,"date":"2022-12-19T17:00:16","date_gmt":"2024-11-15T15:25:37","guid":{"rendered":"https:\/\/kingarms.ee\/product\/dekorativa-katana-zswd\/"},"modified":"2024-11-15T18:25:37","modified_gmt":"2024-11-15T15:25:37","slug":"dekorativa-catana-44","status":"publish","type":"product","link":"https:\/\/kingarms.ee\/lv\/product\/dekorativa-catana-44\/","title":{"rendered":"Dekorat\u012bv\u0101 katana (ZSWD)"},"content":{"rendered":"","protected":false},"excerpt":{"rendered":"<p>Dekorat\u012bv\u0101 katana<br \/>\nIedvesmojoties no Mi\u010donnes Katana<br \/>\nWalking Dead TV seri\u0101ls<br \/>\nbr\u016bna \u0101das iesai\u0146ojums<br \/>\nDarbs ar virvju baltu<br \/>\nAsmens, kas iegrav\u0113ts ar biolo\u0123isko draudu simbolu<br \/>\nplecu siksna p\u0101rvad\u0101\u0161anai<\/p>\n","protected":false},"featured_media":133076,"template":"","meta":{"_acf_changed":false},"product_brand":[],"product_cat":[1127],"product_tag":[],"class_list":{"0":"post-137535","1":"product","2":"type-product","3":"status-publish","4":"has-post-thumbnail","6":"product_cat-katana-tanto","8":"first","9":"onbackorder","10":"product-type-simple"},"acf":[],"_links":{"self":[{"href":"https:\/\/kingarms.ee\/lv\/wp-json\/wp\/v2\/product\/137535","targetHints":{"allow":["GET"]}}],"collection":[{"href":"https:\/\/kingarms.ee\/lv\/wp-json\/wp\/v2\/product"}],"about":[{"href":"https:\/\/kingarms.ee\/lv\/wp-json\/wp\/v2\/types\/product"}],"wp:featuredmedia":[{"embeddable":true,"href":"https:\/\/kingarms.ee\/lv\/wp-json\/wp\/v2\/media\/133076"}],"wp:attachment":[{"href":"https:\/\/kingarms.ee\/lv\/wp-json\/wp\/v2\/media?parent=137535"}],"wp:term":[{"taxonomy":"product_brand","embeddable":true,"href":"https:\/\/kingarms.ee\/lv\/wp-json\/wp\/v2\/product_brand?post=137535"},{"taxonomy":"product_cat","embeddable":true,"href":"https:\/\/kingarms.ee\/lv\/wp-json\/wp\/v2\/product_cat?post=137535"},{"taxonomy":"product_tag","embeddable":true,"href":"https:\/\/kingarms.ee\/lv\/wp-json\/wp\/v2\/product_tag?post=137535"}],"curies":[{"name":"wp","href":"https:\/\/api.w.org\/{rel}","templated":true}]}}