{"id":137541,"date":"2022-12-19T17:00:16","date_gmt":"2024-11-15T15:31:51","guid":{"rendered":"https:\/\/kingarms.ee\/product\/dekorativa-katana-zs659\/"},"modified":"2024-11-15T18:31:51","modified_gmt":"2024-11-15T15:31:51","slug":"dekorativa-katana-42","status":"publish","type":"product","link":"https:\/\/kingarms.ee\/lv\/product\/dekorativa-katana-42\/","title":{"rendered":"Dekorat\u012bv\u0101 katana (ZS659)"},"content":{"rendered":"","protected":false},"excerpt":{"rendered":"<p>Dekorat\u012bv\u0101 katana<br \/>\nIedvesmojoties no Inosuke Hashibira Katana<br \/>\nAnime-Seri Kimetsu no Yaiba (Demons Killer)<br \/>\noglek\u013ca t\u0113rauda asmens<br \/>\n\u0100das iesai\u0146ojuma imit\u0101cija<br \/>\nkoka rokturis<br \/>\nKop\u0113jais garums 950 mm (980 ar Kabuur)<br \/>\nasmens garums 680mm<br \/>\nSvars 550 g (670 g ar Kabuur)<\/p>\n","protected":false},"featured_media":133030,"template":"","meta":{"_acf_changed":false},"product_brand":[],"product_cat":[1127],"product_tag":[],"class_list":{"0":"post-137541","1":"product","2":"type-product","3":"status-publish","4":"has-post-thumbnail","6":"product_cat-katana-tanto","8":"first","9":"instock","10":"purchasable","11":"product-type-simple"},"acf":[],"_links":{"self":[{"href":"https:\/\/kingarms.ee\/lv\/wp-json\/wp\/v2\/product\/137541","targetHints":{"allow":["GET"]}}],"collection":[{"href":"https:\/\/kingarms.ee\/lv\/wp-json\/wp\/v2\/product"}],"about":[{"href":"https:\/\/kingarms.ee\/lv\/wp-json\/wp\/v2\/types\/product"}],"wp:featuredmedia":[{"embeddable":true,"href":"https:\/\/kingarms.ee\/lv\/wp-json\/wp\/v2\/media\/133030"}],"wp:attachment":[{"href":"https:\/\/kingarms.ee\/lv\/wp-json\/wp\/v2\/media?parent=137541"}],"wp:term":[{"taxonomy":"product_brand","embeddable":true,"href":"https:\/\/kingarms.ee\/lv\/wp-json\/wp\/v2\/product_brand?post=137541"},{"taxonomy":"product_cat","embeddable":true,"href":"https:\/\/kingarms.ee\/lv\/wp-json\/wp\/v2\/product_cat?post=137541"},{"taxonomy":"product_tag","embeddable":true,"href":"https:\/\/kingarms.ee\/lv\/wp-json\/wp\/v2\/product_tag?post=137541"}],"curies":[{"name":"wp","href":"https:\/\/api.w.org\/{rel}","templated":true}]}}