{"id":137551,"date":"2022-12-19T17:00:03","date_gmt":"2024-11-15T15:48:12","guid":{"rendered":"https:\/\/kingarms.ee\/product\/taktiska-viena-punkta-siksna\/"},"modified":"2024-11-15T18:48:12","modified_gmt":"2024-11-15T15:48:12","slug":"taktiskais-uks-punkta-punkts-noestet","status":"publish","type":"product","link":"https:\/\/kingarms.ee\/lv\/product\/taktiskais-uks-punkta-punkts-noestet\/","title":{"rendered":"Taktisk\u0101 viena punkta siksna"},"content":{"rendered":"","protected":false},"excerpt":{"rendered":"<p>Taktisk\u0101 viena punkta siksna<\/p>\n<p>1000d neilons<br \/>\nPriek\u0161\u0101 un aizmugur\u0113 molle sist\u0113ma<br \/>\nvienas punkta elast\u012bg\u0101 siksna ar \u0101tru atbr\u012bvo\u0161anu<br \/>\npiln\u012bb\u0101 piel\u0101gojams<br \/>\n\u0100tra priek\u0161\u0113j\u0101s un s\u0101nu vestes atbr\u012bvo\u0161ana<\/p>\n","protected":false},"featured_media":134366,"template":"","meta":{"_acf_changed":false},"product_brand":[],"product_cat":[1093],"product_tag":[],"class_list":{"0":"post-137551","1":"product","2":"type-product","3":"status-publish","4":"has-post-thumbnail","6":"product_cat-vestes-un-zirglietas","8":"first","9":"instock","10":"purchasable","11":"product-type-simple"},"acf":[],"_links":{"self":[{"href":"https:\/\/kingarms.ee\/lv\/wp-json\/wp\/v2\/product\/137551","targetHints":{"allow":["GET"]}}],"collection":[{"href":"https:\/\/kingarms.ee\/lv\/wp-json\/wp\/v2\/product"}],"about":[{"href":"https:\/\/kingarms.ee\/lv\/wp-json\/wp\/v2\/types\/product"}],"wp:featuredmedia":[{"embeddable":true,"href":"https:\/\/kingarms.ee\/lv\/wp-json\/wp\/v2\/media\/134366"}],"wp:attachment":[{"href":"https:\/\/kingarms.ee\/lv\/wp-json\/wp\/v2\/media?parent=137551"}],"wp:term":[{"taxonomy":"product_brand","embeddable":true,"href":"https:\/\/kingarms.ee\/lv\/wp-json\/wp\/v2\/product_brand?post=137551"},{"taxonomy":"product_cat","embeddable":true,"href":"https:\/\/kingarms.ee\/lv\/wp-json\/wp\/v2\/product_cat?post=137551"},{"taxonomy":"product_tag","embeddable":true,"href":"https:\/\/kingarms.ee\/lv\/wp-json\/wp\/v2\/product_tag?post=137551"}],"curies":[{"name":"wp","href":"https:\/\/api.w.org\/{rel}","templated":true}]}}