{"id":137553,"date":"2022-12-19T17:00:03","date_gmt":"2024-11-15T15:50:18","guid":{"rendered":"https:\/\/kingarms.ee\/product\/dekorativa-katana\/"},"modified":"2024-11-15T18:50:18","modified_gmt":"2024-11-15T15:50:18","slug":"dekorativa-katana-35","status":"publish","type":"product","link":"https:\/\/kingarms.ee\/lv\/product\/dekorativa-katana-35\/","title":{"rendered":"Dekorat\u012bv\u0101 Katana"},"content":{"rendered":"","protected":false},"excerpt":{"rendered":"<p>dekorat\u012bv\u0101 katana<br \/>\nIedvesmojoties no Rukia Kuchiki Zanpakuto Sode No Shirayuki<br \/>\nbalin\u0101t\u0101ja anime s\u0113rija<br \/>\noglek\u013ca t\u0113rauda asmens<br \/>\nKoka \u0161\u0137embas un tsuka<br \/>\nMet\u0101la tsuba<br \/>\nKop\u0113jais garums 1120 mm<br \/>\nGaruma asmens 680mm<br \/>\ntsuka garums 280mm<\/p>\n","protected":false},"featured_media":125840,"template":"","meta":{"_acf_changed":false},"product_brand":[],"product_cat":[1127],"product_tag":[],"class_list":{"0":"post-137553","1":"product","2":"type-product","3":"status-publish","4":"has-post-thumbnail","6":"product_cat-katana-tanto","8":"first","9":"onbackorder","10":"product-type-simple"},"acf":[],"_links":{"self":[{"href":"https:\/\/kingarms.ee\/lv\/wp-json\/wp\/v2\/product\/137553","targetHints":{"allow":["GET"]}}],"collection":[{"href":"https:\/\/kingarms.ee\/lv\/wp-json\/wp\/v2\/product"}],"about":[{"href":"https:\/\/kingarms.ee\/lv\/wp-json\/wp\/v2\/types\/product"}],"wp:featuredmedia":[{"embeddable":true,"href":"https:\/\/kingarms.ee\/lv\/wp-json\/wp\/v2\/media\/125840"}],"wp:attachment":[{"href":"https:\/\/kingarms.ee\/lv\/wp-json\/wp\/v2\/media?parent=137553"}],"wp:term":[{"taxonomy":"product_brand","embeddable":true,"href":"https:\/\/kingarms.ee\/lv\/wp-json\/wp\/v2\/product_brand?post=137553"},{"taxonomy":"product_cat","embeddable":true,"href":"https:\/\/kingarms.ee\/lv\/wp-json\/wp\/v2\/product_cat?post=137553"},{"taxonomy":"product_tag","embeddable":true,"href":"https:\/\/kingarms.ee\/lv\/wp-json\/wp\/v2\/product_tag?post=137553"}],"curies":[{"name":"wp","href":"https:\/\/api.w.org\/{rel}","templated":true}]}}