{"id":137555,"date":"2022-12-19T17:00:03","date_gmt":"2024-11-15T15:54:09","guid":{"rendered":"https:\/\/kingarms.ee\/product\/dekorativais-komplekts-katana-wakizashi-tanto-melns\/"},"modified":"2024-11-15T18:54:09","modified_gmt":"2024-11-15T15:54:09","slug":"dekorativa-katana-wakizashi-tanto-melna","status":"publish","type":"product","link":"https:\/\/kingarms.ee\/lv\/product\/dekorativa-katana-wakizashi-tanto-melna\/","title":{"rendered":"Dekorat\u012bvais komplekts katana-wakizashi-tanto melns"},"content":{"rendered":"","protected":false},"excerpt":{"rendered":"<p>dekorat\u012bvais komplekts 3 gabali<br \/>\nKatana Ovearll garums 100 cm asmens garums 65cm<br \/>\nWakizashi kop\u0113jais garums 78cm asmens garums 45cm<br \/>\ntanto kop\u0113jais garums 55cm asmens lenghh 25cm<br \/>\nkoka v\u0101ks ar p\u016b\u0137a gravi melni<br \/>\nMet\u0101la tsuba<br \/>\nKoka stat\u012bvs ir iek\u013cauts<br \/>\nmelna kr\u0101sa<\/p>\n","protected":false},"featured_media":125842,"template":"","meta":{"_acf_changed":false},"product_brand":[],"product_cat":[1127],"product_tag":[],"class_list":{"0":"post-137555","1":"product","2":"type-product","3":"status-publish","4":"has-post-thumbnail","6":"product_cat-katana-tanto","8":"first","9":"instock","10":"purchasable","11":"product-type-simple"},"acf":[],"_links":{"self":[{"href":"https:\/\/kingarms.ee\/lv\/wp-json\/wp\/v2\/product\/137555","targetHints":{"allow":["GET"]}}],"collection":[{"href":"https:\/\/kingarms.ee\/lv\/wp-json\/wp\/v2\/product"}],"about":[{"href":"https:\/\/kingarms.ee\/lv\/wp-json\/wp\/v2\/types\/product"}],"wp:featuredmedia":[{"embeddable":true,"href":"https:\/\/kingarms.ee\/lv\/wp-json\/wp\/v2\/media\/125842"}],"wp:attachment":[{"href":"https:\/\/kingarms.ee\/lv\/wp-json\/wp\/v2\/media?parent=137555"}],"wp:term":[{"taxonomy":"product_brand","embeddable":true,"href":"https:\/\/kingarms.ee\/lv\/wp-json\/wp\/v2\/product_brand?post=137555"},{"taxonomy":"product_cat","embeddable":true,"href":"https:\/\/kingarms.ee\/lv\/wp-json\/wp\/v2\/product_cat?post=137555"},{"taxonomy":"product_tag","embeddable":true,"href":"https:\/\/kingarms.ee\/lv\/wp-json\/wp\/v2\/product_tag?post=137555"}],"curies":[{"name":"wp","href":"https:\/\/api.w.org\/{rel}","templated":true}]}}