{"id":137570,"date":"2022-12-19T16:59:52","date_gmt":"2024-11-15T16:10:05","guid":{"rendered":"https:\/\/kingarms.ee\/product\/saliekams-kabatas-nacis-sck\/"},"modified":"2024-11-15T19:10:05","modified_gmt":"2024-11-15T16:10:05","slug":"saliekams-kabatas-nazis-sck-4","status":"publish","type":"product","link":"https:\/\/kingarms.ee\/lv\/product\/saliekams-kabatas-nazis-sck-4\/","title":{"rendered":"Saliekams Kabatas nacis SCK"},"content":{"rendered":"","protected":false},"excerpt":{"rendered":"<p>Saliekams kabatas nazis SCK<\/p>\n<p>saliekams kabatas nazis<br \/>\nPavasaris atbalst\u012bts<br \/>\nner\u016bs\u0113jo\u0161\u0101 t\u0113rauda asmens<br \/>\nner\u016bs\u0113jo\u0161\u0101 t\u0113rauda rokturis<br \/>\njostas saspraude<br \/>\nstarplikts<br \/>\nsl\u0113gts garums 127 mm<br \/>\nKop\u0113jais garums 220 mm<br \/>\nSvars 220g<\/p>\n","protected":false},"featured_media":125880,"template":"","meta":{"_acf_changed":false},"product_brand":[],"product_cat":[991],"product_tag":[],"class_list":{"0":"post-137570","1":"product","2":"type-product","3":"status-publish","4":"has-post-thumbnail","6":"product_cat-nazi","8":"first","9":"instock","10":"purchasable","11":"product-type-simple"},"acf":[],"_links":{"self":[{"href":"https:\/\/kingarms.ee\/lv\/wp-json\/wp\/v2\/product\/137570","targetHints":{"allow":["GET"]}}],"collection":[{"href":"https:\/\/kingarms.ee\/lv\/wp-json\/wp\/v2\/product"}],"about":[{"href":"https:\/\/kingarms.ee\/lv\/wp-json\/wp\/v2\/types\/product"}],"wp:featuredmedia":[{"embeddable":true,"href":"https:\/\/kingarms.ee\/lv\/wp-json\/wp\/v2\/media\/125880"}],"wp:attachment":[{"href":"https:\/\/kingarms.ee\/lv\/wp-json\/wp\/v2\/media?parent=137570"}],"wp:term":[{"taxonomy":"product_brand","embeddable":true,"href":"https:\/\/kingarms.ee\/lv\/wp-json\/wp\/v2\/product_brand?post=137570"},{"taxonomy":"product_cat","embeddable":true,"href":"https:\/\/kingarms.ee\/lv\/wp-json\/wp\/v2\/product_cat?post=137570"},{"taxonomy":"product_tag","embeddable":true,"href":"https:\/\/kingarms.ee\/lv\/wp-json\/wp\/v2\/product_tag?post=137570"}],"curies":[{"name":"wp","href":"https:\/\/api.w.org\/{rel}","templated":true}]}}