{"id":137572,"date":"2022-12-19T16:59:52","date_gmt":"2024-11-15T16:14:53","guid":{"rendered":"https:\/\/kingarms.ee\/product\/co2-45mm-c-n-818-pistol-bruni\/"},"modified":"2024-11-15T19:14:53","modified_gmt":"2024-11-15T16:14:53","slug":"co2-45mm-c-n-818-pistol-bruni","status":"publish","type":"product","link":"https:\/\/kingarms.ee\/lv\/product\/co2-45mm-c-n-818-pistol-bruni\/","title":{"rendered":"CO2 45mm C.N.818 Pistol Bruni"},"content":{"rendered":"","protected":false},"excerpt":{"rendered":"<p>CO2 45mm C.N.818 Pistol Bruni<\/p>\n<p>CO2 pistole<br \/>\nCaliber 45mm<br \/>\nplastmasas slidkalni\u0146\u0161 un r\u0101mis<br \/>\n20 k\u0101rtas pl\u0101ns \u017eurn\u0101ls<br \/>\napm\u0113ram 130 kadri ar 1 CO2 kapsulu<br \/>\nVid\u0113j\u0101 jauda 258J (apm\u0113ram 121 m\/s ar 035 g t\u0113rauda BBS)<br \/>\ndro\u0161\u012bbas sl\u0113dzene<br \/>\nvienreiz\u0113js \u0161\u0101viens<br \/>\nCO2 mini-tanku korpuss pistoles roktur\u012b<br \/>\ngarums 170 mm<br \/>\nSvars 425G<\/p>\n","protected":false},"featured_media":125930,"template":"","meta":{"_acf_changed":false},"product_brand":[],"product_cat":[1005],"product_tag":[],"class_list":{"0":"post-137572","1":"product","2":"type-product","3":"status-publish","4":"has-post-thumbnail","6":"product_cat-rokas-pistoles-lv","8":"first","9":"onbackorder","10":"product-type-simple"},"acf":[],"_links":{"self":[{"href":"https:\/\/kingarms.ee\/lv\/wp-json\/wp\/v2\/product\/137572","targetHints":{"allow":["GET"]}}],"collection":[{"href":"https:\/\/kingarms.ee\/lv\/wp-json\/wp\/v2\/product"}],"about":[{"href":"https:\/\/kingarms.ee\/lv\/wp-json\/wp\/v2\/types\/product"}],"wp:featuredmedia":[{"embeddable":true,"href":"https:\/\/kingarms.ee\/lv\/wp-json\/wp\/v2\/media\/125930"}],"wp:attachment":[{"href":"https:\/\/kingarms.ee\/lv\/wp-json\/wp\/v2\/media?parent=137572"}],"wp:term":[{"taxonomy":"product_brand","embeddable":true,"href":"https:\/\/kingarms.ee\/lv\/wp-json\/wp\/v2\/product_brand?post=137572"},{"taxonomy":"product_cat","embeddable":true,"href":"https:\/\/kingarms.ee\/lv\/wp-json\/wp\/v2\/product_cat?post=137572"},{"taxonomy":"product_tag","embeddable":true,"href":"https:\/\/kingarms.ee\/lv\/wp-json\/wp\/v2\/product_tag?post=137572"}],"curies":[{"name":"wp","href":"https:\/\/api.w.org\/{rel}","templated":true}]}}