{"id":137573,"date":"2022-12-19T16:59:52","date_gmt":"2024-11-15T16:16:49","guid":{"rendered":"https:\/\/kingarms.ee\/product\/co2-zurnals-45-mm-pistoles-br-gap-bruni\/"},"modified":"2024-11-15T19:16:49","modified_gmt":"2024-11-15T16:16:49","slug":"co2-magazine-for-45mm-pistol-br-gap-bruni","status":"publish","type":"product","link":"https:\/\/kingarms.ee\/lv\/product\/co2-magazine-for-45mm-pistol-br-gap-bruni\/","title":{"rendered":"CO2 \u017eurn\u0101ls 45 mm pistoles BR-GAP Bruni"},"content":{"rendered":"","protected":false},"excerpt":{"rendered":"<p>CO2 \u017eurn\u0101ls 45 mm pistoles BR-GAP Bruni<\/p>\n<p>CO2 \u017eurn\u0101ls<br \/>\n17 k\u0101rtas<br \/>\n45 mm kalibrim sf\u0113riskajam BBS<br \/>\npilns met\u0101ls<br \/>\nPiem\u0113rots Bruni BR-GAP CO2 pistol\u0113m<br \/>\nSvars 325G<\/p>\n","protected":false},"featured_media":134312,"template":"","meta":{"_acf_changed":false},"product_brand":[],"product_cat":[1062],"product_tag":[],"class_list":{"0":"post-137573","1":"product","2":"type-product","3":"status-publish","4":"has-post-thumbnail","6":"product_cat-gaisa-ieroci","8":"first","9":"instock","10":"purchasable","11":"product-type-simple"},"acf":[],"_links":{"self":[{"href":"https:\/\/kingarms.ee\/lv\/wp-json\/wp\/v2\/product\/137573","targetHints":{"allow":["GET"]}}],"collection":[{"href":"https:\/\/kingarms.ee\/lv\/wp-json\/wp\/v2\/product"}],"about":[{"href":"https:\/\/kingarms.ee\/lv\/wp-json\/wp\/v2\/types\/product"}],"wp:featuredmedia":[{"embeddable":true,"href":"https:\/\/kingarms.ee\/lv\/wp-json\/wp\/v2\/media\/134312"}],"wp:attachment":[{"href":"https:\/\/kingarms.ee\/lv\/wp-json\/wp\/v2\/media?parent=137573"}],"wp:term":[{"taxonomy":"product_brand","embeddable":true,"href":"https:\/\/kingarms.ee\/lv\/wp-json\/wp\/v2\/product_brand?post=137573"},{"taxonomy":"product_cat","embeddable":true,"href":"https:\/\/kingarms.ee\/lv\/wp-json\/wp\/v2\/product_cat?post=137573"},{"taxonomy":"product_tag","embeddable":true,"href":"https:\/\/kingarms.ee\/lv\/wp-json\/wp\/v2\/product_tag?post=137573"}],"curies":[{"name":"wp","href":"https:\/\/api.w.org\/{rel}","templated":true}]}}