{"id":137577,"date":"2022-12-19T16:59:52","date_gmt":"2024-11-15T16:21:01","guid":{"rendered":"https:\/\/kingarms.ee\/product\/co2-45mm-c-n-816-pistole-1911-bruni\/"},"modified":"2024-11-15T19:21:01","modified_gmt":"2024-11-15T16:21:01","slug":"co2-45mm-c-n-816-pistol-1911-bruni","status":"publish","type":"product","link":"https:\/\/kingarms.ee\/lv\/product\/co2-45mm-c-n-816-pistol-1911-bruni\/","title":{"rendered":"CO2 4,5mm C.N.816 Pistole 1911 [Bruni]"},"content":{"rendered":"","protected":false},"excerpt":{"rendered":"<p>CO2 da\u013c\u0113ji pistoles pistole<br \/>\nCaliber 45mm<br \/>\nmet\u0101la slaids<br \/>\nplastmasas r\u0101mis<br \/>\n20 k\u0101rtas CO2 \u017eurn\u0101ls<br \/>\nvid\u0113j\u0101 jauda 193J (apm\u0113ram 105 m\/s ar 035 g t\u0113rauda BBS)<br \/>\ndro\u0161\u012bbas sl\u0113dzene<br \/>\nvienreiz\u0113js \u0161\u0101viens<br \/>\ngarums 217mm<br \/>\nSvars 775G<br \/>\nIek\u013cauta p\u0101rvad\u0101\u0161anas lieta<\/p>\n","protected":false},"featured_media":125926,"template":"","meta":{"_acf_changed":false},"product_brand":[],"product_cat":[1005],"product_tag":[],"class_list":{"0":"post-137577","1":"product","2":"type-product","3":"status-publish","4":"has-post-thumbnail","6":"product_cat-rokas-pistoles-lv","8":"first","9":"onbackorder","10":"product-type-simple"},"acf":[],"_links":{"self":[{"href":"https:\/\/kingarms.ee\/lv\/wp-json\/wp\/v2\/product\/137577","targetHints":{"allow":["GET"]}}],"collection":[{"href":"https:\/\/kingarms.ee\/lv\/wp-json\/wp\/v2\/product"}],"about":[{"href":"https:\/\/kingarms.ee\/lv\/wp-json\/wp\/v2\/types\/product"}],"wp:featuredmedia":[{"embeddable":true,"href":"https:\/\/kingarms.ee\/lv\/wp-json\/wp\/v2\/media\/125926"}],"wp:attachment":[{"href":"https:\/\/kingarms.ee\/lv\/wp-json\/wp\/v2\/media?parent=137577"}],"wp:term":[{"taxonomy":"product_brand","embeddable":true,"href":"https:\/\/kingarms.ee\/lv\/wp-json\/wp\/v2\/product_brand?post=137577"},{"taxonomy":"product_cat","embeddable":true,"href":"https:\/\/kingarms.ee\/lv\/wp-json\/wp\/v2\/product_cat?post=137577"},{"taxonomy":"product_tag","embeddable":true,"href":"https:\/\/kingarms.ee\/lv\/wp-json\/wp\/v2\/product_tag?post=137577"}],"curies":[{"name":"wp","href":"https:\/\/api.w.org\/{rel}","templated":true}]}}