{"id":137583,"date":"2022-12-19T16:59:52","date_gmt":"2024-11-15T16:38:16","guid":{"rendered":"https:\/\/kingarms.ee\/product\/co2-zurnals-cal-45mm-br-601-bruni\/"},"modified":"2024-11-15T19:38:16","modified_gmt":"2024-11-15T16:38:16","slug":"co2-magazine-cal-45mm-for-br-601-bruni","status":"publish","type":"product","link":"https:\/\/kingarms.ee\/lv\/product\/co2-magazine-cal-45mm-for-br-601-bruni\/","title":{"rendered":"CO2 \u017eurn\u0101ls Cal 45mm BR-601 Bruni"},"content":{"rendered":"","protected":false},"excerpt":{"rendered":"<p>CO2 \u017eurn\u0101ls Cal 45mm BR-601 Bruni<\/p>\n<p>CO2 \u017eurn\u0101la kalibrs 45mm<br \/>\n20 k\u0101rtas<br \/>\npilns met\u0101ls<br \/>\nSvars 240g<br \/>\nCO2 45 mm pistoles BR-601 s\u0113rijai<\/p>\n","protected":false},"featured_media":134304,"template":"","meta":{"_acf_changed":false},"product_brand":[],"product_cat":[1062],"product_tag":[],"class_list":{"0":"post-137583","1":"product","2":"type-product","3":"status-publish","4":"has-post-thumbnail","6":"product_cat-gaisa-ieroci","8":"first","9":"instock","10":"purchasable","11":"product-type-simple"},"acf":[],"_links":{"self":[{"href":"https:\/\/kingarms.ee\/lv\/wp-json\/wp\/v2\/product\/137583","targetHints":{"allow":["GET"]}}],"collection":[{"href":"https:\/\/kingarms.ee\/lv\/wp-json\/wp\/v2\/product"}],"about":[{"href":"https:\/\/kingarms.ee\/lv\/wp-json\/wp\/v2\/types\/product"}],"wp:featuredmedia":[{"embeddable":true,"href":"https:\/\/kingarms.ee\/lv\/wp-json\/wp\/v2\/media\/134304"}],"wp:attachment":[{"href":"https:\/\/kingarms.ee\/lv\/wp-json\/wp\/v2\/media?parent=137583"}],"wp:term":[{"taxonomy":"product_brand","embeddable":true,"href":"https:\/\/kingarms.ee\/lv\/wp-json\/wp\/v2\/product_brand?post=137583"},{"taxonomy":"product_cat","embeddable":true,"href":"https:\/\/kingarms.ee\/lv\/wp-json\/wp\/v2\/product_cat?post=137583"},{"taxonomy":"product_tag","embeddable":true,"href":"https:\/\/kingarms.ee\/lv\/wp-json\/wp\/v2\/product_tag?post=137583"}],"curies":[{"name":"wp","href":"https:\/\/api.w.org\/{rel}","templated":true}]}}