{"id":137585,"date":"2022-12-19T16:59:52","date_gmt":"2024-11-15T16:42:13","guid":{"rendered":"https:\/\/kingarms.ee\/product\/saliekams-kabatas-nacis-sck\/"},"modified":"2024-11-15T19:42:13","modified_gmt":"2024-11-15T16:42:13","slug":"saliekams-kabatas-nazis-sck-2","status":"publish","type":"product","link":"https:\/\/kingarms.ee\/lv\/product\/saliekams-kabatas-nazis-sck-2\/","title":{"rendered":"Saliekams Kabatas Nacis SCK"},"content":{"rendered":"","protected":false},"excerpt":{"rendered":"<p>Saliekams kabatas nazis SCK<\/p>\n<p>saliekams kabatas nazis<br \/>\nner\u016bs\u0113jo\u0161\u0101 t\u0113rauda melna p\u0101rkl\u0101jumu asmens<br \/>\nstiklplasta camo rokturis<br \/>\njostas saspraude<br \/>\nstarplikts<br \/>\n\u012bk\u0161\u0137a tapa<br \/>\nsl\u0113gts garums 117mm<br \/>\nKop\u0113jais garums 200 mm<br \/>\nSvars 123g<\/p>\n","protected":false},"featured_media":125884,"template":"","meta":{"_acf_changed":false},"product_brand":[],"product_cat":[991],"product_tag":[],"class_list":{"0":"post-137585","1":"product","2":"type-product","3":"status-publish","4":"has-post-thumbnail","6":"product_cat-nazi","8":"first","9":"onbackorder","10":"product-type-simple"},"acf":[],"_links":{"self":[{"href":"https:\/\/kingarms.ee\/lv\/wp-json\/wp\/v2\/product\/137585","targetHints":{"allow":["GET"]}}],"collection":[{"href":"https:\/\/kingarms.ee\/lv\/wp-json\/wp\/v2\/product"}],"about":[{"href":"https:\/\/kingarms.ee\/lv\/wp-json\/wp\/v2\/types\/product"}],"wp:featuredmedia":[{"embeddable":true,"href":"https:\/\/kingarms.ee\/lv\/wp-json\/wp\/v2\/media\/125884"}],"wp:attachment":[{"href":"https:\/\/kingarms.ee\/lv\/wp-json\/wp\/v2\/media?parent=137585"}],"wp:term":[{"taxonomy":"product_brand","embeddable":true,"href":"https:\/\/kingarms.ee\/lv\/wp-json\/wp\/v2\/product_brand?post=137585"},{"taxonomy":"product_cat","embeddable":true,"href":"https:\/\/kingarms.ee\/lv\/wp-json\/wp\/v2\/product_cat?post=137585"},{"taxonomy":"product_tag","embeddable":true,"href":"https:\/\/kingarms.ee\/lv\/wp-json\/wp\/v2\/product_tag?post=137585"}],"curies":[{"name":"wp","href":"https:\/\/api.w.org\/{rel}","templated":true}]}}