{"id":137593,"date":"2022-12-19T16:59:42","date_gmt":"2022-12-19T13:59:42","guid":{"rendered":"https:\/\/kingarms.ee\/product\/glock-17-startera-pistole-9mm-bruni\/"},"modified":"2024-11-15T19:52:45","modified_gmt":"2024-11-15T16:52:45","slug":"tuksa-pistole-92-9mm-bruni-2","status":"publish","type":"product","link":"https:\/\/kingarms.ee\/lv\/product\/tuksa-pistole-92-9mm-bruni-2\/","title":{"rendered":"Glock 17 startera pistole 9mm bruni"},"content":{"rendered":"","protected":false},"excerpt":{"rendered":"<p>Glock 17 startera pistole 9mm bruni<\/p>\n<p>Aug\u0161\u0113j\u0101 \u0161au\u0161anas tuk\u0161a pistole<br \/>\n11 k\u0101rtas \u017eurn\u0101ls<br \/>\n9 mm kalibrs<br \/>\nviena darb\u012bba<br \/>\npusautors<br \/>\nGarums 202mm<br \/>\nSvars 650g<br \/>\nmelna kr\u0101sa<\/p>\n","protected":false},"featured_media":152513,"template":"","meta":{"_acf_changed":false},"product_brand":[],"product_cat":[1010],"product_tag":[],"class_list":{"0":"post-137593","1":"product","2":"type-product","3":"status-publish","4":"has-post-thumbnail","6":"product_cat-starta-pistoles","8":"first","9":"instock","10":"purchasable","11":"product-type-simple"},"acf":[],"_links":{"self":[{"href":"https:\/\/kingarms.ee\/lv\/wp-json\/wp\/v2\/product\/137593","targetHints":{"allow":["GET"]}}],"collection":[{"href":"https:\/\/kingarms.ee\/lv\/wp-json\/wp\/v2\/product"}],"about":[{"href":"https:\/\/kingarms.ee\/lv\/wp-json\/wp\/v2\/types\/product"}],"wp:featuredmedia":[{"embeddable":true,"href":"https:\/\/kingarms.ee\/lv\/wp-json\/wp\/v2\/media\/152513"}],"wp:attachment":[{"href":"https:\/\/kingarms.ee\/lv\/wp-json\/wp\/v2\/media?parent=137593"}],"wp:term":[{"taxonomy":"product_brand","embeddable":true,"href":"https:\/\/kingarms.ee\/lv\/wp-json\/wp\/v2\/product_brand?post=137593"},{"taxonomy":"product_cat","embeddable":true,"href":"https:\/\/kingarms.ee\/lv\/wp-json\/wp\/v2\/product_cat?post=137593"},{"taxonomy":"product_tag","embeddable":true,"href":"https:\/\/kingarms.ee\/lv\/wp-json\/wp\/v2\/product_tag?post=137593"}],"curies":[{"name":"wp","href":"https:\/\/api.w.org\/{rel}","templated":true}]}}